{"id":62,"date":"2026-01-01T19:00:13","date_gmt":"2026-01-01T18:00:13","guid":{"rendered":"http:\/\/boutique.garance-voyageuse.org\/?post_type=product&#038;p=62"},"modified":"2026-03-13T17:30:17","modified_gmt":"2026-03-13T16:30:17","slug":"la-garance-voyageuse-n152-hiver-2025","status":"publish","type":"product","link":"https:\/\/boutique.garance-voyageuse.org\/index.php\/produit\/la-garance-voyageuse-n152-hiver-2025\/","title":{"rendered":"n\u00b0152 &#8211; Hiver 2025"},"content":{"rendered":"","protected":false},"excerpt":{"rendered":"<p>Les feuilles d\u2019automne tombent, tombent et s\u2019amoncellent\u2026 La Garance voyageuse les a r\u00e9colt\u00e9es, les a mises en pages\u2026 Dans son num\u00e9ro d\u2019hiver 2025, elle vous r\u00e9v\u00e8le leur incroyable diversit\u00e9, de formes, de taille, de couleurs. Elle vous explique comment fonctionnent ces incroyables usines (\u00e0 gaz !). Elle vous d\u00e9voile leurs adaptations aux climats et les indications que l\u2019on peut encore tirer de leurs fossiles. Elle \u00e9voque leurs mille et un usages, avec un peu de gastronomie en prime (non, non, vous n\u2019aurez pas de recette de cuisine&#8230;). Elle rappelle toute leur symbolique dans nos cultures et comment elles nous rendent encore leur beaut\u00e9 \u00e0 travers nos pratiques artistiques. Ce num\u00e9ro n\u2019a pas que des couleurs d\u2019automne ! Et comme d\u2019habitude, il vous offre un petit floril\u00e8ge d\u2019\u00e9chos des sciences (botaniques) et de lectures pour les longues journ\u00e9es apr\u00e8s la chute des feuilles.<\/p>\n","protected":false},"featured_media":69,"template":"","meta":[],"product_brand":[],"product_cat":[16],"product_tag":[],"class_list":{"0":"post-62","1":"product","2":"type-product","3":"status-publish","4":"has-post-thumbnail","6":"product_cat-tous-les-numeros","8":"first","9":"instock","10":"taxable","11":"shipping-taxable","12":"purchasable","13":"product-type-simple"},"jetpack_sharing_enabled":true,"_links":{"self":[{"href":"https:\/\/boutique.garance-voyageuse.org\/index.php\/wp-json\/wp\/v2\/product\/62","targetHints":{"allow":["GET"]}}],"collection":[{"href":"https:\/\/boutique.garance-voyageuse.org\/index.php\/wp-json\/wp\/v2\/product"}],"about":[{"href":"https:\/\/boutique.garance-voyageuse.org\/index.php\/wp-json\/wp\/v2\/types\/product"}],"wp:featuredmedia":[{"embeddable":true,"href":"https:\/\/boutique.garance-voyageuse.org\/index.php\/wp-json\/wp\/v2\/media\/69"}],"wp:attachment":[{"href":"https:\/\/boutique.garance-voyageuse.org\/index.php\/wp-json\/wp\/v2\/media?parent=62"}],"wp:term":[{"taxonomy":"product_brand","embeddable":true,"href":"https:\/\/boutique.garance-voyageuse.org\/index.php\/wp-json\/wp\/v2\/product_brand?post=62"},{"taxonomy":"product_cat","embeddable":true,"href":"https:\/\/boutique.garance-voyageuse.org\/index.php\/wp-json\/wp\/v2\/product_cat?post=62"},{"taxonomy":"product_tag","embeddable":true,"href":"https:\/\/boutique.garance-voyageuse.org\/index.php\/wp-json\/wp\/v2\/product_tag?post=62"}],"curies":[{"name":"wp","href":"https:\/\/api.w.org\/{rel}","templated":true}]}}