{"id":546,"date":"2025-12-31T15:52:28","date_gmt":"2025-12-31T14:52:28","guid":{"rendered":"https:\/\/boutique.garance-voyageuse.org\/?post_type=product&#038;p=546"},"modified":"2026-01-06T16:59:31","modified_gmt":"2026-01-06T15:59:31","slug":"n151-automne-2025","status":"publish","type":"product","link":"https:\/\/boutique.garance-voyageuse.org\/index.php\/produit\/n151-automne-2025\/","title":{"rendered":"n\u00b0151, Automne 2025"},"content":{"rendered":"","protected":false},"excerpt":{"rendered":"<p>La Garance voyageuse vous emm\u00e8ne \u00e0 nouveau en voyage cet automne, des tourbi\u00e8res d\u2019Afrique du Nord aux for\u00eats cambodgiennes, en passant par le d\u00e9sert d\u2019Arabie. Moins exotique, mais tout aussi passionnant, elle se penche sur le p\u00e2turage en montagne ou sur la vie d\u2019une friche citadine.<br \/>\nSavez vous ce que sont les macusons ? Non ? Alors, vous le d\u00e9couvrirez dans un petit retour sur une coutume d\u2019un si\u00e8cle pass\u00e9. Vous aurez plaisir \u00e0 suivre les pens\u00e9es d\u2019une amoureuse du cailletier,<br \/>\n\u00e0 voir que l\u2019on commence \u00e0 cultiver la pistache dans le Midi et vous apprendrez les dangers qui menacent la culture des agrumes. Vous retrouverez la suite des m\u00e9ditations de Fagus sylvatica, de l\u2019\u00e9tude minutieuse de l\u2019hell\u00e9bore f\u00e9tide, ainsi que les \u00c9chos des sciences et quelques titres de bons ouvrages \u00e0 lire pour les jours trop chauds ou trop gris\u2026<\/p>\n","protected":false},"featured_media":564,"template":"","meta":[],"product_brand":[],"product_cat":[16],"product_tag":[],"class_list":{"0":"post-546","1":"product","2":"type-product","3":"status-publish","4":"has-post-thumbnail","6":"product_cat-tous-les-numeros","8":"first","9":"instock","10":"taxable","11":"shipping-taxable","12":"purchasable","13":"product-type-simple"},"jetpack_sharing_enabled":true,"_links":{"self":[{"href":"https:\/\/boutique.garance-voyageuse.org\/index.php\/wp-json\/wp\/v2\/product\/546","targetHints":{"allow":["GET"]}}],"collection":[{"href":"https:\/\/boutique.garance-voyageuse.org\/index.php\/wp-json\/wp\/v2\/product"}],"about":[{"href":"https:\/\/boutique.garance-voyageuse.org\/index.php\/wp-json\/wp\/v2\/types\/product"}],"wp:featuredmedia":[{"embeddable":true,"href":"https:\/\/boutique.garance-voyageuse.org\/index.php\/wp-json\/wp\/v2\/media\/564"}],"wp:attachment":[{"href":"https:\/\/boutique.garance-voyageuse.org\/index.php\/wp-json\/wp\/v2\/media?parent=546"}],"wp:term":[{"taxonomy":"product_brand","embeddable":true,"href":"https:\/\/boutique.garance-voyageuse.org\/index.php\/wp-json\/wp\/v2\/product_brand?post=546"},{"taxonomy":"product_cat","embeddable":true,"href":"https:\/\/boutique.garance-voyageuse.org\/index.php\/wp-json\/wp\/v2\/product_cat?post=546"},{"taxonomy":"product_tag","embeddable":true,"href":"https:\/\/boutique.garance-voyageuse.org\/index.php\/wp-json\/wp\/v2\/product_tag?post=546"}],"curies":[{"name":"wp","href":"https:\/\/api.w.org\/{rel}","templated":true}]}}