{"id":544,"date":"2025-12-31T15:49:28","date_gmt":"2025-12-31T14:49:28","guid":{"rendered":"https:\/\/boutique.garance-voyageuse.org\/?post_type=product&#038;p=544"},"modified":"2026-01-05T16:03:16","modified_gmt":"2026-01-05T15:03:16","slug":"n147-automne-2024","status":"publish","type":"product","link":"https:\/\/boutique.garance-voyageuse.org\/index.php\/produit\/n147-automne-2024\/","title":{"rendered":"n\u00b0147, Automne 2024"},"content":{"rendered":"","protected":false},"excerpt":{"rendered":"<p>Cet automne, La Garance voyageuse vous fait visiter une \u00eele secr\u00e8te entre Corse et Sardaigne, puis vous emm\u00e8ne dans les pays nordiques \u00e0 la d\u00e9couverte de la saxifrage \u00e0 feuilles oppos\u00e9es. Revenue sur ses terres, une petite contemplation des Alpilles sera suivie des observations automnales de l\u2019\u00e9rable de Montpellier. Enfin, en son salon, elle a convoqu\u00e9 pour vous de grands personnages du si\u00e8cle dernier : Patrick Geddes, un urbaniste humaniste visionnaire, l\u2019Abb\u00e9 Coste, dont nul n\u2019ignore la grande Flore de France, mais on conna\u00eet moins les talentueuses illustratrices que furent les s\u0153urs Vesque, et Paul Maurice, instituteur, botaniste et artiste. Et, apr\u00e8s un petit tour dans les ronciers pour la cueillette des m\u00fbres de fin d\u2019\u00e9t\u00e9, elle vous offrira la carte des camomilles pour vous r\u00e9concilier avec la tisane de vos grand-m\u00e8res.<\/p>\n<p>Sans oublier, comme d\u2019habitude, ses \u00e9chos des sciences et ses avis sur quelques bons ouvrages \u00e0 lire \u00e0 l\u2019arriv\u00e9e des temps pluvieux.<\/p>\n","protected":false},"featured_media":562,"template":"","meta":[],"product_brand":[],"product_cat":[16],"product_tag":[],"class_list":{"0":"post-544","1":"product","2":"type-product","3":"status-publish","4":"has-post-thumbnail","6":"product_cat-tous-les-numeros","8":"first","9":"instock","10":"taxable","11":"shipping-taxable","12":"purchasable","13":"product-type-simple"},"jetpack_sharing_enabled":true,"_links":{"self":[{"href":"https:\/\/boutique.garance-voyageuse.org\/index.php\/wp-json\/wp\/v2\/product\/544","targetHints":{"allow":["GET"]}}],"collection":[{"href":"https:\/\/boutique.garance-voyageuse.org\/index.php\/wp-json\/wp\/v2\/product"}],"about":[{"href":"https:\/\/boutique.garance-voyageuse.org\/index.php\/wp-json\/wp\/v2\/types\/product"}],"wp:featuredmedia":[{"embeddable":true,"href":"https:\/\/boutique.garance-voyageuse.org\/index.php\/wp-json\/wp\/v2\/media\/562"}],"wp:attachment":[{"href":"https:\/\/boutique.garance-voyageuse.org\/index.php\/wp-json\/wp\/v2\/media?parent=544"}],"wp:term":[{"taxonomy":"product_brand","embeddable":true,"href":"https:\/\/boutique.garance-voyageuse.org\/index.php\/wp-json\/wp\/v2\/product_brand?post=544"},{"taxonomy":"product_cat","embeddable":true,"href":"https:\/\/boutique.garance-voyageuse.org\/index.php\/wp-json\/wp\/v2\/product_cat?post=544"},{"taxonomy":"product_tag","embeddable":true,"href":"https:\/\/boutique.garance-voyageuse.org\/index.php\/wp-json\/wp\/v2\/product_tag?post=544"}],"curies":[{"name":"wp","href":"https:\/\/api.w.org\/{rel}","templated":true}]}}