{"id":540,"date":"2025-12-31T15:49:28","date_gmt":"2025-12-31T14:49:28","guid":{"rendered":"https:\/\/boutique.garance-voyageuse.org\/?post_type=product&#038;p=540"},"modified":"2026-01-05T16:07:07","modified_gmt":"2026-01-05T15:07:07","slug":"lot-chroniques-vegetales-12","status":"publish","type":"product","link":"https:\/\/boutique.garance-voyageuse.org\/index.php\/produit\/lot-chroniques-vegetales-12\/","title":{"rendered":"Lot Chroniques V\u00e9g\u00e9tales 1&#038;2"},"content":{"rendered":"","protected":false},"excerpt":{"rendered":"<p>Parution La Garance voyageuse \u2014 Lot des Hors s\u00e9rie \u00ab\u00a0Chroniques v\u00e9g\u00e9tales n\u00b01 et n\u00b02\u00a0\u00bb<\/p>\n<div class=\"page\" title=\"Page 1\">\n<div class=\"layoutArea\">\n<div class=\"column\">\n<p><strong>Chroniques v\u00e9g\u00e9tales \u2022 n\u00b0 1<\/strong><\/p>\n<p>En cette ann\u00e9e nationale de la bande dessin\u00e9e, La Garance voyageuse publie un Hors S\u00e9rie de \u00ab Chroniques v\u00e9g\u00e9tales \u00bb : en 48 pages, en trois cycles et en dessins, les plantes nous racontent leur histoire depuis qu\u2019elles sont sorties des eaux, leur \u00e9volution,<br \/>\nleur diversification, jusqu\u2019\u00e0 leur dispersion plan\u00e9taire plus ou moins volontaire. Elles nous expliquent ensuite l\u2019\u00e9cologie, tous les secrets des relations qu\u2019elles entretiennent entre elles et celles qu\u2019elles entretiennent avec les autres \u00eatres vivants. Et pour finir, elles nous invitent dans leur arbre g\u00e9n\u00e9alogique, \u00e0 la d\u00e9couverte de la syst\u00e9matique\u2026 (Mais ce n\u2019est pas tout \u00e0 fait \u00ab pour finir \u00bb\u2026 car on peut vous r\u00e9v\u00e9ler qu\u2019il y aura une suite\u2026).<\/p>\n<ul>\n<li>Cycle 1 : L\u2019histoire vue par les plantes<\/li>\n<li>Cycle 2 : L\u2019\u00e9cologie vue par les plantes<\/li>\n<li>Cycle 3 : La syst\u00e9matique vue par les plantes<\/li>\n<\/ul>\n<p>Sc\u00e9narios : Marion Bottollier-Curtet &amp; Serge D. Muller<br \/>\nDessins : Serge D. Muller<br \/>\nDessins : Serge D. Muller<\/p>\n<p><strong>Chroniques v\u00e9g\u00e9tales \u2022 n\u00b02<br \/>\n<\/strong><\/p>\n<p>Apre\u0300s les trois premiers cycles de \u00ab Chroniques ve\u0301ge\u0301tales \u00bb, dans lesquels les plantes nous ont raconte\u0301 en bandes dessine\u0301es leur e\u0301volution, leur diversification et leur dispersion plane\u0301taire, en trois nouveaux cycles elles nous ont de\u0301taille\u0301 leur anatomie, nous ont donne\u0301 leur version de la ge\u0301ographie de la plane\u0300te et leur fac\u0327on de conside\u0301rer l\u2019humanite\u0301. Voici donc re\u0301unis, en un seul volume Hors Se\u0301rie n\u00b0 2 de La Garance voyageuse, ces trois cycles, suite et fin des \u00ab Chroniques ve\u0301ge\u0301tales \u00bb, a\u0300 retrouver sur nos stands ou notre site internet.<\/p>\n<\/div>\n<\/div>\n<\/div>\n<ul>\n<li>Cycle 4 : L\u2019anatomie vue par les plantes<\/li>\n<li>Cycle 5 : La ge\u0301ographie vue par les plantes<\/li>\n<li>Cycle 6 : L\u2019humanite\u0301 vue par les plantes<\/li>\n<\/ul>\n<p>Sce\u0301narios : Marion BOTTOLLIER\u00adCURTET &amp; Serge D. MULLER Dessins : Serge D. MULLER<\/p>\n<p>&nbsp;<\/p>\n<p>&nbsp;<\/p>\n<p>&nbsp;<\/p>\n<p>&nbsp;<\/p>\n<p>&nbsp;<\/p>\n<p>&nbsp;<\/p>\n<p>&nbsp;<\/p>\n<p>&nbsp;<\/p>\n<p>&nbsp;<\/p>\n<p>&nbsp;<\/p>\n","protected":false},"featured_media":558,"template":"","meta":[],"product_brand":[],"product_cat":[18],"product_tag":[],"class_list":{"0":"post-540","1":"product","2":"type-product","3":"status-publish","4":"has-post-thumbnail","6":"product_cat-hors-series-livrets","8":"first","9":"instock","10":"taxable","11":"shipping-taxable","12":"purchasable","13":"product-type-simple"},"jetpack_sharing_enabled":true,"_links":{"self":[{"href":"https:\/\/boutique.garance-voyageuse.org\/index.php\/wp-json\/wp\/v2\/product\/540","targetHints":{"allow":["GET"]}}],"collection":[{"href":"https:\/\/boutique.garance-voyageuse.org\/index.php\/wp-json\/wp\/v2\/product"}],"about":[{"href":"https:\/\/boutique.garance-voyageuse.org\/index.php\/wp-json\/wp\/v2\/types\/product"}],"wp:featuredmedia":[{"embeddable":true,"href":"https:\/\/boutique.garance-voyageuse.org\/index.php\/wp-json\/wp\/v2\/media\/558"}],"wp:attachment":[{"href":"https:\/\/boutique.garance-voyageuse.org\/index.php\/wp-json\/wp\/v2\/media?parent=540"}],"wp:term":[{"taxonomy":"product_brand","embeddable":true,"href":"https:\/\/boutique.garance-voyageuse.org\/index.php\/wp-json\/wp\/v2\/product_brand?post=540"},{"taxonomy":"product_cat","embeddable":true,"href":"https:\/\/boutique.garance-voyageuse.org\/index.php\/wp-json\/wp\/v2\/product_cat?post=540"},{"taxonomy":"product_tag","embeddable":true,"href":"https:\/\/boutique.garance-voyageuse.org\/index.php\/wp-json\/wp\/v2\/product_tag?post=540"}],"curies":[{"name":"wp","href":"https:\/\/api.w.org\/{rel}","templated":true}]}}