{"id":539,"date":"2025-12-31T15:49:28","date_gmt":"2025-12-31T14:49:28","guid":{"rendered":"https:\/\/boutique.garance-voyageuse.org\/?post_type=product&#038;p=539"},"modified":"2026-01-05T16:03:16","modified_gmt":"2026-01-05T15:03:16","slug":"n143-automne-2023","status":"publish","type":"product","link":"https:\/\/boutique.garance-voyageuse.org\/index.php\/produit\/n143-automne-2023\/","title":{"rendered":"n\u00b0143, Automne 2023"},"content":{"rendered":"","protected":false},"excerpt":{"rendered":"<p>En cet automne 2023, La Garance voyageuse vous offre de nouveaux voyages dans le monde v\u00e9g\u00e9tal. Nous accompagnerons d\u2019abord le grand Malesherbes, depuis ses charges royales jusqu\u2019\u00e0 l\u2019\u00e9chafaud, en passant par les extraordinaires collections d\u2019arbres qu\u2019il planta dans le parc de son ch\u00e2teau. Nous retrouverons ensuite Jean-Henri Fabre, botaniste et entomologiste d\u00e9j\u00e0 pr\u00e9sent\u00e9 dans La Garance voyageuse qui aborde ici ses comp\u00e9tences en chimie, autour de l\u2019alizarine. Nous traverserons la M\u00e9diterran\u00e9e, pour consid\u00e9rer l\u2019histoire des aulnaies et tourbi\u00e8res de ces contr\u00e9es, plut\u00f4t \u00e9vocatrices de s\u00e9cheresse, puis \u00e9voquer les traditions de cueillette de plantes sauvages par les femmes en Kabylie. Plus pr\u00e8s de nous, une petite \u00e9nigme botanique autour des gentianelles piquera votre curiosit\u00e9, et vous serez aussi invit\u00e9s \u00e0 r\u00e9fl\u00e9chir au rapport qu\u2019entretiennent charpentiers et forestiers. Nous terminerons par un succulent repas enti\u00e8rement compos\u00e9 d\u2019ingr\u00e9dients issus de palmiers.<\/p>\n","protected":false},"featured_media":557,"template":"","meta":[],"product_brand":[],"product_cat":[16],"product_tag":[],"class_list":{"0":"post-539","1":"product","2":"type-product","3":"status-publish","4":"has-post-thumbnail","6":"product_cat-tous-les-numeros","8":"first","9":"instock","10":"taxable","11":"shipping-taxable","12":"purchasable","13":"product-type-simple"},"jetpack_sharing_enabled":true,"_links":{"self":[{"href":"https:\/\/boutique.garance-voyageuse.org\/index.php\/wp-json\/wp\/v2\/product\/539","targetHints":{"allow":["GET"]}}],"collection":[{"href":"https:\/\/boutique.garance-voyageuse.org\/index.php\/wp-json\/wp\/v2\/product"}],"about":[{"href":"https:\/\/boutique.garance-voyageuse.org\/index.php\/wp-json\/wp\/v2\/types\/product"}],"wp:featuredmedia":[{"embeddable":true,"href":"https:\/\/boutique.garance-voyageuse.org\/index.php\/wp-json\/wp\/v2\/media\/557"}],"wp:attachment":[{"href":"https:\/\/boutique.garance-voyageuse.org\/index.php\/wp-json\/wp\/v2\/media?parent=539"}],"wp:term":[{"taxonomy":"product_brand","embeddable":true,"href":"https:\/\/boutique.garance-voyageuse.org\/index.php\/wp-json\/wp\/v2\/product_brand?post=539"},{"taxonomy":"product_cat","embeddable":true,"href":"https:\/\/boutique.garance-voyageuse.org\/index.php\/wp-json\/wp\/v2\/product_cat?post=539"},{"taxonomy":"product_tag","embeddable":true,"href":"https:\/\/boutique.garance-voyageuse.org\/index.php\/wp-json\/wp\/v2\/product_tag?post=539"}],"curies":[{"name":"wp","href":"https:\/\/api.w.org\/{rel}","templated":true}]}}