{"id":537,"date":"2025-12-31T15:49:28","date_gmt":"2025-12-31T14:49:28","guid":{"rendered":"https:\/\/boutique.garance-voyageuse.org\/?post_type=product&#038;p=537"},"modified":"2026-01-05T16:03:16","modified_gmt":"2026-01-05T15:03:16","slug":"n142-ete-2023","status":"publish","type":"product","link":"https:\/\/boutique.garance-voyageuse.org\/index.php\/produit\/n142-ete-2023\/","title":{"rendered":"n\u00b0142, Et\u00e9 2023"},"content":{"rendered":"","protected":false},"excerpt":{"rendered":"<p>Pour vos chaudes journ\u00e9es d\u2019\u00e9t\u00e9, La Garance voyageuse vous offre une visite guid\u00e9e des jardins du MuCEM, comment\u00e9e par une de ses conceptrices. Mais pour s\u2019\u00e9loigner des chaleurs m\u00e9diterran\u00e9ennes, elle vous propose quelques balades \u00e0 la d\u00e9couverte de plantes d\u2019altitudes ou de latitudes plus fra\u00eeches, g\u00e9ranium argent\u00e9 dans les Alpes, phalang\u00e8re \u00e0 feuilles planes en Irlande, clochette bleue des plages d\u2019Islande. Elle vous invite \u00e0 la rencontre d\u2019un artiste britannique du XIXe si\u00e8cle qui a conjugu\u00e9 art, botanique et arch\u00e9ologie. Les fruits seront de saison, avec les vergers oubli\u00e9s des Alpes du Sud ou la vigne sauvage de la vall\u00e9e de la Seine. En sous-bois, nous reviendrons sur les alliances, plus ou moins av\u00e9r\u00e9es, entre arbres par champignons interpos\u00e9s. Et les soir\u00e9es seront assez longues pour vous permettre de grappiller dans les \u00e9chos des sciences ou de vous plonger dans l\u2019un des livres s\u00e9lectionn\u00e9s pour vous par quelques lecteurs critiques.<\/p>\n","protected":false},"featured_media":555,"template":"","meta":[],"product_brand":[],"product_cat":[16],"product_tag":[],"class_list":{"0":"post-537","1":"product","2":"type-product","3":"status-publish","4":"has-post-thumbnail","6":"product_cat-tous-les-numeros","8":"first","9":"instock","10":"taxable","11":"shipping-taxable","12":"purchasable","13":"product-type-simple"},"jetpack_sharing_enabled":true,"_links":{"self":[{"href":"https:\/\/boutique.garance-voyageuse.org\/index.php\/wp-json\/wp\/v2\/product\/537","targetHints":{"allow":["GET"]}}],"collection":[{"href":"https:\/\/boutique.garance-voyageuse.org\/index.php\/wp-json\/wp\/v2\/product"}],"about":[{"href":"https:\/\/boutique.garance-voyageuse.org\/index.php\/wp-json\/wp\/v2\/types\/product"}],"wp:featuredmedia":[{"embeddable":true,"href":"https:\/\/boutique.garance-voyageuse.org\/index.php\/wp-json\/wp\/v2\/media\/555"}],"wp:attachment":[{"href":"https:\/\/boutique.garance-voyageuse.org\/index.php\/wp-json\/wp\/v2\/media?parent=537"}],"wp:term":[{"taxonomy":"product_brand","embeddable":true,"href":"https:\/\/boutique.garance-voyageuse.org\/index.php\/wp-json\/wp\/v2\/product_brand?post=537"},{"taxonomy":"product_cat","embeddable":true,"href":"https:\/\/boutique.garance-voyageuse.org\/index.php\/wp-json\/wp\/v2\/product_cat?post=537"},{"taxonomy":"product_tag","embeddable":true,"href":"https:\/\/boutique.garance-voyageuse.org\/index.php\/wp-json\/wp\/v2\/product_tag?post=537"}],"curies":[{"name":"wp","href":"https:\/\/api.w.org\/{rel}","templated":true}]}}