{"id":535,"date":"2025-12-31T15:49:28","date_gmt":"2025-12-31T14:49:28","guid":{"rendered":"https:\/\/boutique.garance-voyageuse.org\/?post_type=product&#038;p=535"},"modified":"2026-01-05T16:03:15","modified_gmt":"2026-01-05T15:03:15","slug":"n140-hiver-2022","status":"publish","type":"product","link":"https:\/\/boutique.garance-voyageuse.org\/index.php\/produit\/n140-hiver-2022\/","title":{"rendered":"n\u00b0140,  hiver 2022"},"content":{"rendered":"","protected":false},"excerpt":{"rendered":"<p>Pour cette fin d\u2019ann\u00e9e, La Garance voyageuse ne vous offre pas des bonbons, mais un bouquet de fleurs\u2026 imp\u00e9rissables ! Un bouquet tout bleu (enfin presque). Myosotis et pervenches, bourrache et v\u00e9roniques vous cligneront de leur \u0153il bleu. On vous invite \u00e0 la table du roi (des Alpes) et \u00e0 une rencontre sur le toit du monde. On vous offre \u00e0 boire (du th\u00e9 bleu) et \u00e0 manger (du camash) et l\u2019on vous emm\u00e8ne danser le tango dans les rues toutes de bleu fleuries de Buenos Aires. On vous plongera dans un bain d\u2019indigo et l\u2019on soignera vos bleus avec quelques fleurs\u2026 (jaunes !). Et puis, et puis\u2026 cette fois ce sera un au revoir pour les \u00abChroniques v\u00e9g\u00e9tales\u00bb, qui arrivent au dernier \u00e9pisode de leur dernier cycle !<\/p>\n","protected":false},"featured_media":553,"template":"","meta":[],"product_brand":[],"product_cat":[16],"product_tag":[],"class_list":{"0":"post-535","1":"product","2":"type-product","3":"status-publish","4":"has-post-thumbnail","6":"product_cat-tous-les-numeros","8":"first","9":"instock","10":"taxable","11":"shipping-taxable","12":"purchasable","13":"product-type-simple"},"jetpack_sharing_enabled":true,"_links":{"self":[{"href":"https:\/\/boutique.garance-voyageuse.org\/index.php\/wp-json\/wp\/v2\/product\/535","targetHints":{"allow":["GET"]}}],"collection":[{"href":"https:\/\/boutique.garance-voyageuse.org\/index.php\/wp-json\/wp\/v2\/product"}],"about":[{"href":"https:\/\/boutique.garance-voyageuse.org\/index.php\/wp-json\/wp\/v2\/types\/product"}],"wp:featuredmedia":[{"embeddable":true,"href":"https:\/\/boutique.garance-voyageuse.org\/index.php\/wp-json\/wp\/v2\/media\/553"}],"wp:attachment":[{"href":"https:\/\/boutique.garance-voyageuse.org\/index.php\/wp-json\/wp\/v2\/media?parent=535"}],"wp:term":[{"taxonomy":"product_brand","embeddable":true,"href":"https:\/\/boutique.garance-voyageuse.org\/index.php\/wp-json\/wp\/v2\/product_brand?post=535"},{"taxonomy":"product_cat","embeddable":true,"href":"https:\/\/boutique.garance-voyageuse.org\/index.php\/wp-json\/wp\/v2\/product_cat?post=535"},{"taxonomy":"product_tag","embeddable":true,"href":"https:\/\/boutique.garance-voyageuse.org\/index.php\/wp-json\/wp\/v2\/product_tag?post=535"}],"curies":[{"name":"wp","href":"https:\/\/api.w.org\/{rel}","templated":true}]}}