{"id":532,"date":"2025-12-31T15:49:27","date_gmt":"2025-12-31T14:49:27","guid":{"rendered":"https:\/\/boutique.garance-voyageuse.org\/?post_type=product&#038;p=532"},"modified":"2026-01-05T16:03:16","modified_gmt":"2026-01-05T15:03:16","slug":"n137-printemps-2022","status":"publish","type":"product","link":"https:\/\/boutique.garance-voyageuse.org\/index.php\/produit\/n137-printemps-2022\/","title":{"rendered":"n\u00b0137, Printemps 2022"},"content":{"rendered":"","protected":false},"excerpt":{"rendered":"<p>Pendant que germaient les bl\u00e9s d\u2019hiver, La Garance voyageuse vous a concoct\u00e9 pour ce printemps un nouveau programme de voyages. Vite, montez \u00e0 bord de ses feuilles ! Premi\u00e8re destination, les pays d\u2019Asie avec la symbolique des arbres dans le bouddhisme. \u00c9tape suivante, la Tunisie, pour explorer l\u2019\u00e9volution v\u00e9g\u00e9tale d\u2019un lac ass\u00e9ch\u00e9. Revenons en France : d\u2019abord un d\u00e9tour par l\u2019Indre-et-Loire avec le pharmacien botaniste Ernest-Henry Tourlet, puis un saut dans les Alpes du Queyras, sous les branches du pin cembro en compagnie du casse-noix mouchet\u00e9, et retour par la Saline d\u2019Arc-et-Senans dans le Doubs, o\u00f9 s\u2019ouvre Un Cercle immense, con\u00e7u par Gilles Cl\u00e9ment. Et, pendant que vous concocterez quelques recettes de renou\u00e9e asiatique pour faire votre B.A. d\u2019\u00e9cologiste, les plantes des \u00ab Chroniques v\u00e9g\u00e9tales \u00bb vous raconteront, \u00e0 leur mani\u00e8re, l\u2019histoire de l\u2019humanit\u00e9. En bonus, une copieuse s\u00e9lection de livres nouveaux, pour grands et petits.<\/p>\n","protected":false},"featured_media":550,"template":"","meta":[],"product_brand":[],"product_cat":[16],"product_tag":[],"class_list":{"0":"post-532","1":"product","2":"type-product","3":"status-publish","4":"has-post-thumbnail","6":"product_cat-tous-les-numeros","8":"first","9":"instock","10":"taxable","11":"shipping-taxable","12":"purchasable","13":"product-type-simple"},"jetpack_sharing_enabled":true,"_links":{"self":[{"href":"https:\/\/boutique.garance-voyageuse.org\/index.php\/wp-json\/wp\/v2\/product\/532","targetHints":{"allow":["GET"]}}],"collection":[{"href":"https:\/\/boutique.garance-voyageuse.org\/index.php\/wp-json\/wp\/v2\/product"}],"about":[{"href":"https:\/\/boutique.garance-voyageuse.org\/index.php\/wp-json\/wp\/v2\/types\/product"}],"wp:featuredmedia":[{"embeddable":true,"href":"https:\/\/boutique.garance-voyageuse.org\/index.php\/wp-json\/wp\/v2\/media\/550"}],"wp:attachment":[{"href":"https:\/\/boutique.garance-voyageuse.org\/index.php\/wp-json\/wp\/v2\/media?parent=532"}],"wp:term":[{"taxonomy":"product_brand","embeddable":true,"href":"https:\/\/boutique.garance-voyageuse.org\/index.php\/wp-json\/wp\/v2\/product_brand?post=532"},{"taxonomy":"product_cat","embeddable":true,"href":"https:\/\/boutique.garance-voyageuse.org\/index.php\/wp-json\/wp\/v2\/product_cat?post=532"},{"taxonomy":"product_tag","embeddable":true,"href":"https:\/\/boutique.garance-voyageuse.org\/index.php\/wp-json\/wp\/v2\/product_tag?post=532"}],"curies":[{"name":"wp","href":"https:\/\/api.w.org\/{rel}","templated":true}]}}