{"id":530,"date":"2025-12-31T15:49:27","date_gmt":"2025-12-31T14:49:27","guid":{"rendered":"https:\/\/boutique.garance-voyageuse.org\/?post_type=product&#038;p=530"},"modified":"2026-01-05T16:03:16","modified_gmt":"2026-01-05T15:03:16","slug":"n135-automne-2021","status":"publish","type":"product","link":"https:\/\/boutique.garance-voyageuse.org\/index.php\/produit\/n135-automne-2021\/","title":{"rendered":"n\u00b0135, automne 2021"},"content":{"rendered":"","protected":false},"excerpt":{"rendered":"<p>Voici venir l\u2019automne et La Garance voyageuse remplit ses pages de fruits : des pommes, bien s\u00fbr, mais aussi des cormes (vous ne connaissez pas ? d\u00e9couvrez vite cet arbre fruitier oubli\u00e9 !). Et comme il n\u2019y a pas d\u2019automne sans champignons, elle fait aussi une petite excursion en mycologie, le monde des truffes en l\u2019occurrence\u2026 qui nouent d\u2019\u00e9troites relations avec le monde v\u00e9g\u00e9tal ! Elle vous offre une petite page \u00e9mouvante avec l\u2019histoire d\u2019un herbier constitu\u00e9 par une jeune fille intr\u00e9pide en pleine seconde guerre mondiale. Et vous invite aussi \u00e0 d\u00e9couvrir un botaniste (et bien plus que cela) au g\u00e9nie immense mais oubli\u00e9, Michel Adanson, dont nous ne connaissons plus que l\u2019arbre qui porte son nom\u2026 le baobab, ou Adansonia digitata. Et bien s\u00fbr, retrouvez dans ce num\u00e9ro la suite des Noces florales (avec les fleurs qui s\u2019autof\u00e9condent, cette fois) et celle des \u00ab Chroniques v\u00e9g\u00e9tales \u00bb (qui finissent leur tour du monde des biomes\u2026 les pieds dans l\u2019eau !). Notes de lectures pour petits et grands, \u00e9chos des sciences et br\u00e8ves nouvelles sont toujours au rendez-vous. <\/p>\n","protected":false},"featured_media":548,"template":"","meta":[],"product_brand":[],"product_cat":[16],"product_tag":[],"class_list":{"0":"post-530","1":"product","2":"type-product","3":"status-publish","4":"has-post-thumbnail","6":"product_cat-tous-les-numeros","8":"first","9":"instock","10":"taxable","11":"shipping-taxable","12":"purchasable","13":"product-type-simple"},"jetpack_sharing_enabled":true,"_links":{"self":[{"href":"https:\/\/boutique.garance-voyageuse.org\/index.php\/wp-json\/wp\/v2\/product\/530","targetHints":{"allow":["GET"]}}],"collection":[{"href":"https:\/\/boutique.garance-voyageuse.org\/index.php\/wp-json\/wp\/v2\/product"}],"about":[{"href":"https:\/\/boutique.garance-voyageuse.org\/index.php\/wp-json\/wp\/v2\/types\/product"}],"wp:featuredmedia":[{"embeddable":true,"href":"https:\/\/boutique.garance-voyageuse.org\/index.php\/wp-json\/wp\/v2\/media\/548"}],"wp:attachment":[{"href":"https:\/\/boutique.garance-voyageuse.org\/index.php\/wp-json\/wp\/v2\/media?parent=530"}],"wp:term":[{"taxonomy":"product_brand","embeddable":true,"href":"https:\/\/boutique.garance-voyageuse.org\/index.php\/wp-json\/wp\/v2\/product_brand?post=530"},{"taxonomy":"product_cat","embeddable":true,"href":"https:\/\/boutique.garance-voyageuse.org\/index.php\/wp-json\/wp\/v2\/product_cat?post=530"},{"taxonomy":"product_tag","embeddable":true,"href":"https:\/\/boutique.garance-voyageuse.org\/index.php\/wp-json\/wp\/v2\/product_tag?post=530"}],"curies":[{"name":"wp","href":"https:\/\/api.w.org\/{rel}","templated":true}]}}