{"id":529,"date":"2025-12-31T15:49:27","date_gmt":"2025-12-31T14:49:27","guid":{"rendered":"https:\/\/boutique.garance-voyageuse.org\/?post_type=product&#038;p=529"},"modified":"2026-01-05T16:03:16","modified_gmt":"2026-01-05T15:03:16","slug":"n134-ete-2021","status":"publish","type":"product","link":"https:\/\/boutique.garance-voyageuse.org\/index.php\/produit\/n134-ete-2021\/","title":{"rendered":"n\u00b0134, \u00e9t\u00e9 2021"},"content":{"rendered":"","protected":false},"excerpt":{"rendered":"<p>Partez en voyage d\u2019\u00e9t\u00e9 avec La Garance voyageuse ! Destinations : l\u2019Am\u00e9rique du Nord au pays des Osages, \u00e0 la d\u00e9couverte d\u2019un arbre \u00e9trange au fruit \u00e9trange ; les collections d\u2019orchid\u00e9es de riches amateurs et leurs coupables extravagances ; les ripisylves d\u2019Europe sous les frondaisons de peupliers noirs ; les champs cultiv\u00e9s \u00e0 la recherche des messicoles ; le ch\u00e2teau d\u2019Eu pour une visite nostalgique de l\u2019herbier de Madame Ad\u00e9la\u00efde ; un tout petit coin des Hautes-Alpes o\u00f9 se niche l\u2019odontite glutineux ; une nuit \u00e0 la belle \u00e9toile dans un gros ch\u00eane pubescent. Vous ne suivez pas ? Alors r\u00e9fl\u00e9chissez avec nous sur la c\u00e9cit\u00e9 botanique d\u2019Homo occidentalis, plongez dans les d\u00e9tails des fleurs qui flirtent avec les insectes, ou suivez en direct le voyage dans les biomes du monde comment\u00e9 par Rubiana Jones dans les Chroniques v\u00e9g\u00e9tales. Ajoutez-y quelques ouvrages lus pour vous par Rubia peregrina en personne et passez un bel \u00e9t\u00e9 (en plein air autant que possible !).<\/p>\n","protected":false},"featured_media":547,"template":"","meta":[],"product_brand":[],"product_cat":[16],"product_tag":[],"class_list":{"0":"post-529","1":"product","2":"type-product","3":"status-publish","4":"has-post-thumbnail","6":"product_cat-tous-les-numeros","8":"first","9":"instock","10":"taxable","11":"shipping-taxable","12":"purchasable","13":"product-type-simple"},"jetpack_sharing_enabled":true,"_links":{"self":[{"href":"https:\/\/boutique.garance-voyageuse.org\/index.php\/wp-json\/wp\/v2\/product\/529","targetHints":{"allow":["GET"]}}],"collection":[{"href":"https:\/\/boutique.garance-voyageuse.org\/index.php\/wp-json\/wp\/v2\/product"}],"about":[{"href":"https:\/\/boutique.garance-voyageuse.org\/index.php\/wp-json\/wp\/v2\/types\/product"}],"wp:featuredmedia":[{"embeddable":true,"href":"https:\/\/boutique.garance-voyageuse.org\/index.php\/wp-json\/wp\/v2\/media\/547"}],"wp:attachment":[{"href":"https:\/\/boutique.garance-voyageuse.org\/index.php\/wp-json\/wp\/v2\/media?parent=529"}],"wp:term":[{"taxonomy":"product_brand","embeddable":true,"href":"https:\/\/boutique.garance-voyageuse.org\/index.php\/wp-json\/wp\/v2\/product_brand?post=529"},{"taxonomy":"product_cat","embeddable":true,"href":"https:\/\/boutique.garance-voyageuse.org\/index.php\/wp-json\/wp\/v2\/product_cat?post=529"},{"taxonomy":"product_tag","embeddable":true,"href":"https:\/\/boutique.garance-voyageuse.org\/index.php\/wp-json\/wp\/v2\/product_tag?post=529"}],"curies":[{"name":"wp","href":"https:\/\/api.w.org\/{rel}","templated":true}]}}