{"id":500,"date":"2025-12-31T15:49:08","date_gmt":"2025-12-31T14:49:08","guid":{"rendered":"https:\/\/boutique.garance-voyageuse.org\/?post_type=product&#038;p=500"},"modified":"2026-01-05T14:46:45","modified_gmt":"2026-01-05T13:46:45","slug":"n133-printemps-2021","status":"publish","type":"product","link":"https:\/\/boutique.garance-voyageuse.org\/index.php\/produit\/n133-printemps-2021\/","title":{"rendered":"n\u00b0133, printemps 2021"},"content":{"rendered":"","protected":false},"excerpt":{"rendered":"<p>C\u2019est le printemps ! La Garance voyageuse vous offre un bouquet de fleurs. Avec elle, f\u00eatons l\u2019aub\u00e9pine, \u00e9tudions en d\u00e9tail le calendula, d\u00e9couvrons la bryone et sa racine du diable, et observons les alliances entre fleurs et insectes pollinisateurs. Faisons ensuite un voyage dans le temps, pour admirer l\u2019art d\u2019une femme devenue peintre de plantes pour le Jardin du Roy au XVIIIe si\u00e8cle et, plus loin encore, pour d\u00e9couvrir un \u00e9nigmatique personnage, devenu ermite au Mexique \u00e0 l\u2019\u00e9poque de la conqu\u00eate des Am\u00e9riques, et qui se fit passeur de savoirs phytopharmacologiques entre les civilisations azt\u00e8ques et hispaniques. Et, avec l\u2019humour des Chroniques v\u00e9g\u00e9tales qui entament leur cinqui\u00e8me saison, partons \u00e0 la d\u00e9couverte des biomes de notre plan\u00e8te. Et si vous devez occuper de longues soir\u00e9es ou des journ\u00e9es pluvieuses, La Garance vous a concoct\u00e9 un vaste choix de lectures (botaniques, bien s\u00fbr !).<\/p>\n","protected":false},"featured_media":528,"template":"","meta":[],"product_brand":[],"product_cat":[16],"product_tag":[],"class_list":{"0":"post-500","1":"product","2":"type-product","3":"status-publish","4":"has-post-thumbnail","6":"product_cat-tous-les-numeros","8":"first","9":"instock","10":"taxable","11":"shipping-taxable","12":"purchasable","13":"product-type-simple"},"jetpack_sharing_enabled":true,"_links":{"self":[{"href":"https:\/\/boutique.garance-voyageuse.org\/index.php\/wp-json\/wp\/v2\/product\/500","targetHints":{"allow":["GET"]}}],"collection":[{"href":"https:\/\/boutique.garance-voyageuse.org\/index.php\/wp-json\/wp\/v2\/product"}],"about":[{"href":"https:\/\/boutique.garance-voyageuse.org\/index.php\/wp-json\/wp\/v2\/types\/product"}],"wp:featuredmedia":[{"embeddable":true,"href":"https:\/\/boutique.garance-voyageuse.org\/index.php\/wp-json\/wp\/v2\/media\/528"}],"wp:attachment":[{"href":"https:\/\/boutique.garance-voyageuse.org\/index.php\/wp-json\/wp\/v2\/media?parent=500"}],"wp:term":[{"taxonomy":"product_brand","embeddable":true,"href":"https:\/\/boutique.garance-voyageuse.org\/index.php\/wp-json\/wp\/v2\/product_brand?post=500"},{"taxonomy":"product_cat","embeddable":true,"href":"https:\/\/boutique.garance-voyageuse.org\/index.php\/wp-json\/wp\/v2\/product_cat?post=500"},{"taxonomy":"product_tag","embeddable":true,"href":"https:\/\/boutique.garance-voyageuse.org\/index.php\/wp-json\/wp\/v2\/product_tag?post=500"}],"curies":[{"name":"wp","href":"https:\/\/api.w.org\/{rel}","templated":true}]}}