{"id":499,"date":"2025-12-31T15:51:08","date_gmt":"2025-12-31T14:51:08","guid":{"rendered":"https:\/\/boutique.garance-voyageuse.org\/?post_type=product&#038;p=499"},"modified":"2026-01-09T15:18:29","modified_gmt":"2026-01-09T14:18:29","slug":"chroniques-vegetales-1","status":"publish","type":"product","link":"https:\/\/boutique.garance-voyageuse.org\/index.php\/produit\/chroniques-vegetales-1\/","title":{"rendered":"Chroniques v\u00e9g\u00e9tales 1"},"content":{"rendered":"","protected":false},"excerpt":{"rendered":"<p>En cette ann\u00e9e nationale de la bande dessin\u00e9e, La Garance voyageuse publie un Hors S\u00e9rie de \u00ab Chroniques v\u00e9g\u00e9tales \u00bb : en 48 pages, en trois cycles et en dessins, les plantes nous racontent leur histoire depuis qu\u2019elles sont sorties des eaux, leur \u00e9volution,<br \/>\nleur diversification, jusqu\u2019\u00e0 leur dispersion plan\u00e9taire plus ou moins volontaire. Elles nous expliquent ensuite l\u2019\u00e9cologie, tous les secrets des relations qu\u2019elles entretiennent entre elles et celles qu\u2019elles entretiennent avec les autres \u00eatres vivants. Et pour finir, elles nous invitent dans leur arbre g\u00e9n\u00e9alogique, \u00e0 la d\u00e9couverte de la syst\u00e9matique\u2026 (Mais ce n\u2019est pas tout \u00e0 fait \u00ab pour finir \u00bb\u2026 car on peut vous r\u00e9v\u00e9ler qu\u2019il y aura une suite\u2026).<\/p>\n<ul>\n<li>Cycle 1 : L\u2019histoire vue par les plantes<\/li>\n<li>Cycle 2 : L\u2019\u00e9cologie vue par les plantes<\/li>\n<li>Cycle 3 : La syst\u00e9matique vue par les plantes<\/li>\n<\/ul>\n<p>Sc\u00e9narios : Marion Bottollier-Curtet &amp; Serge D. Muller<br \/>\nDessins : Serge D. Muller<\/p>\n","protected":false},"featured_media":527,"template":"","meta":[],"product_brand":[],"product_cat":[18],"product_tag":[],"class_list":{"0":"post-499","1":"product","2":"type-product","3":"status-publish","4":"has-post-thumbnail","6":"product_cat-hors-series-livrets","8":"first","9":"instock","10":"taxable","11":"shipping-taxable","12":"purchasable","13":"product-type-simple"},"jetpack_sharing_enabled":true,"_links":{"self":[{"href":"https:\/\/boutique.garance-voyageuse.org\/index.php\/wp-json\/wp\/v2\/product\/499","targetHints":{"allow":["GET"]}}],"collection":[{"href":"https:\/\/boutique.garance-voyageuse.org\/index.php\/wp-json\/wp\/v2\/product"}],"about":[{"href":"https:\/\/boutique.garance-voyageuse.org\/index.php\/wp-json\/wp\/v2\/types\/product"}],"wp:featuredmedia":[{"embeddable":true,"href":"https:\/\/boutique.garance-voyageuse.org\/index.php\/wp-json\/wp\/v2\/media\/527"}],"wp:attachment":[{"href":"https:\/\/boutique.garance-voyageuse.org\/index.php\/wp-json\/wp\/v2\/media?parent=499"}],"wp:term":[{"taxonomy":"product_brand","embeddable":true,"href":"https:\/\/boutique.garance-voyageuse.org\/index.php\/wp-json\/wp\/v2\/product_brand?post=499"},{"taxonomy":"product_cat","embeddable":true,"href":"https:\/\/boutique.garance-voyageuse.org\/index.php\/wp-json\/wp\/v2\/product_cat?post=499"},{"taxonomy":"product_tag","embeddable":true,"href":"https:\/\/boutique.garance-voyageuse.org\/index.php\/wp-json\/wp\/v2\/product_tag?post=499"}],"curies":[{"name":"wp","href":"https:\/\/api.w.org\/{rel}","templated":true}]}}