{"id":495,"date":"2025-12-31T15:49:08","date_gmt":"2025-12-31T14:49:08","guid":{"rendered":"https:\/\/boutique.garance-voyageuse.org\/?post_type=product&#038;p=495"},"modified":"2026-01-05T14:56:28","modified_gmt":"2026-01-05T13:56:28","slug":"n132-hiver-2020","status":"publish","type":"product","link":"https:\/\/boutique.garance-voyageuse.org\/index.php\/produit\/n132-hiver-2020\/","title":{"rendered":"n\u00b0132,  hiver 2020"},"content":{"rendered":"","protected":false},"excerpt":{"rendered":"<p>Cet hiver, La Garance voyageuse se chauffe au bois. Mais qu\u2019est-ce que le bois ?<br \/>\nLa Garance vous l\u2019explique sans langue de bois et vous le fait voir sous toutes les couleurs, saveurs, douleurs\u2026 on en teint, on en mange, on s\u2019en soigne, on y \u00e9crit, on y fume la pipe, on le date, on le colle, on le tourne, on le transforme en \u00e9toffe, on en b\u00e2tit des immeubles, et m\u00eame, on le modifie g\u00e9n\u00e9tiquement\u2026<\/p>\n<p>Alors, ne restez pas de bois, pr\u00e9cipitez-vous sur ce num\u00e9ro tout en bois\u2026 eh, oui ! votre revue pr\u00e9f\u00e9r\u00e9e<br \/>\nest faite de bois\u2026 par des t\u00eates de bois !<\/p>\n","protected":false},"featured_media":523,"template":"","meta":[],"product_brand":[],"product_cat":[16],"product_tag":[],"class_list":{"0":"post-495","1":"product","2":"type-product","3":"status-publish","4":"has-post-thumbnail","6":"product_cat-tous-les-numeros","8":"first","9":"instock","10":"taxable","11":"shipping-taxable","12":"purchasable","13":"product-type-simple"},"jetpack_sharing_enabled":true,"_links":{"self":[{"href":"https:\/\/boutique.garance-voyageuse.org\/index.php\/wp-json\/wp\/v2\/product\/495","targetHints":{"allow":["GET"]}}],"collection":[{"href":"https:\/\/boutique.garance-voyageuse.org\/index.php\/wp-json\/wp\/v2\/product"}],"about":[{"href":"https:\/\/boutique.garance-voyageuse.org\/index.php\/wp-json\/wp\/v2\/types\/product"}],"wp:featuredmedia":[{"embeddable":true,"href":"https:\/\/boutique.garance-voyageuse.org\/index.php\/wp-json\/wp\/v2\/media\/523"}],"wp:attachment":[{"href":"https:\/\/boutique.garance-voyageuse.org\/index.php\/wp-json\/wp\/v2\/media?parent=495"}],"wp:term":[{"taxonomy":"product_brand","embeddable":true,"href":"https:\/\/boutique.garance-voyageuse.org\/index.php\/wp-json\/wp\/v2\/product_brand?post=495"},{"taxonomy":"product_cat","embeddable":true,"href":"https:\/\/boutique.garance-voyageuse.org\/index.php\/wp-json\/wp\/v2\/product_cat?post=495"},{"taxonomy":"product_tag","embeddable":true,"href":"https:\/\/boutique.garance-voyageuse.org\/index.php\/wp-json\/wp\/v2\/product_tag?post=495"}],"curies":[{"name":"wp","href":"https:\/\/api.w.org\/{rel}","templated":true}]}}