{"id":491,"date":"2025-12-31T15:49:08","date_gmt":"2025-12-31T14:49:08","guid":{"rendered":"https:\/\/boutique.garance-voyageuse.org\/?post_type=product&#038;p=491"},"modified":"2026-01-05T14:40:44","modified_gmt":"2026-01-05T13:40:44","slug":"n128-hiver-2019","status":"publish","type":"product","link":"https:\/\/boutique.garance-voyageuse.org\/index.php\/produit\/n128-hiver-2019\/","title":{"rendered":"n\u00b0128,  hiver 2019"},"content":{"rendered":"","protected":false},"excerpt":{"rendered":"<p>Apr\u00e8s le voyage dans les bambousaies du Laos (notre num\u00e9ro 122), l\u2019appel de la for\u00eat a retenti \u00e0 La Garance voyageuse\u2026 celui de la \u00ab vraie \u00bb for\u00eat (eh, oui ! les bambousaies ne sont pas des for\u00eats, les bambous ne sont pas des arbres\u2026). Mais quelle est la \u00ab vraie for\u00eat \u00bb ? La question nous a fait rencontrer des forestiers, questionner des \u00e9cologues, entendre des historiens, recueillir des t\u00e9moignages\u2026 Qu\u2019est-ce qu\u2019une for\u00eat ? Et quelles relations entretient ou a entretenu l\u2019homme avec la for\u00eat ? Les for\u00eats, plut\u00f4t\u2026 car notre qu\u00eate nous en a fait d\u00e9couvrir de multiples, leur diversit\u00e9 \u00e9maille les pages de notre nouveau num\u00e9ro, qui d\u00e9borde de ses 64 pages enti\u00e8rement foresti\u00e8res, et voyage de l\u2019Amazonie aux Pyr\u00e9n\u00e9es, des Chambaran au Costa-Rica, du Moyen \u00c2ge \u00e0 nos jours, des sapini\u00e8res aux mangroves. Suivez-nous, inutile de semer des petits cailloux, nous ne vous perdrons pas au fond des bois.<\/p>\n","protected":false},"featured_media":519,"template":"","meta":[],"product_brand":[],"product_cat":[16],"product_tag":[],"class_list":{"0":"post-491","1":"product","2":"type-product","3":"status-publish","4":"has-post-thumbnail","6":"product_cat-tous-les-numeros","8":"first","9":"instock","10":"taxable","11":"shipping-taxable","12":"purchasable","13":"product-type-simple"},"jetpack_sharing_enabled":true,"_links":{"self":[{"href":"https:\/\/boutique.garance-voyageuse.org\/index.php\/wp-json\/wp\/v2\/product\/491","targetHints":{"allow":["GET"]}}],"collection":[{"href":"https:\/\/boutique.garance-voyageuse.org\/index.php\/wp-json\/wp\/v2\/product"}],"about":[{"href":"https:\/\/boutique.garance-voyageuse.org\/index.php\/wp-json\/wp\/v2\/types\/product"}],"wp:featuredmedia":[{"embeddable":true,"href":"https:\/\/boutique.garance-voyageuse.org\/index.php\/wp-json\/wp\/v2\/media\/519"}],"wp:attachment":[{"href":"https:\/\/boutique.garance-voyageuse.org\/index.php\/wp-json\/wp\/v2\/media?parent=491"}],"wp:term":[{"taxonomy":"product_brand","embeddable":true,"href":"https:\/\/boutique.garance-voyageuse.org\/index.php\/wp-json\/wp\/v2\/product_brand?post=491"},{"taxonomy":"product_cat","embeddable":true,"href":"https:\/\/boutique.garance-voyageuse.org\/index.php\/wp-json\/wp\/v2\/product_cat?post=491"},{"taxonomy":"product_tag","embeddable":true,"href":"https:\/\/boutique.garance-voyageuse.org\/index.php\/wp-json\/wp\/v2\/product_tag?post=491"}],"curies":[{"name":"wp","href":"https:\/\/api.w.org\/{rel}","templated":true}]}}