{"id":490,"date":"2025-12-31T15:49:08","date_gmt":"2025-12-31T14:49:08","guid":{"rendered":"https:\/\/boutique.garance-voyageuse.org\/?post_type=product&#038;p=490"},"modified":"2026-01-05T14:39:28","modified_gmt":"2026-01-05T13:39:28","slug":"n127-automne-2019","status":"publish","type":"product","link":"https:\/\/boutique.garance-voyageuse.org\/index.php\/produit\/n127-automne-2019\/","title":{"rendered":"n\u00b0127,  automne 2019"},"content":{"rendered":"","protected":false},"excerpt":{"rendered":"<p>Retours de voyages\u2026 Dans les pages de son num\u00e9ro d\u2019automne, La Garance voyageuse rapporte de pr\u00e9cieux documents : d\u2019abord une magnifique collection de dessins botaniques, issus d\u2019une exp\u00e9dition au Mexique au XIXe si\u00e8cle, et r\u00e9alis\u00e9e par de talentueuses dames genevoises\u2026une incroyable et merveilleuse histoire \u00e0 d\u00e9couvrir absolument ! Ensuite, les rapports des jardiniers embarqu\u00e9s dans l\u2019exp\u00e9dition Lap\u00e9rouse au XVIIIe si\u00e8cle. Puis une \u00e9tude intrigante sur les rapports de fleurs d\u2019Afrique du Sud avec des insectes \u00e0 longue trompe qui les pollinisent. Plus pr\u00e8s de nous, un voyage sur les rives sauvages de la m\u00e9diterran\u00e9e au Domaine du Rayol. Et dans le temps, \u00e0 travers les collections d\u2019herbiers, t\u00e9moins de l\u2019histoire de la flore du monde. Ce num\u00e9ro s\u2019inqui\u00e8te aussi pour l\u2019avenir de l\u2019arnica dans les Vosges et se penche sur cet arbre mal aim\u00e9 et mal nomm\u00e9 qu\u2019est le robinier \u00ab faux acacia \u00bb. Il vous propose aussi comme \u00e0 l\u2019accoutum\u00e9e, quelques nouvelles scientifiques, des lectures pour la rentr\u00e9e et la suite des \u00ab Chroniques v\u00e9g\u00e9tales \u00bb.<\/p>\n","protected":false},"featured_media":518,"template":"","meta":[],"product_brand":[],"product_cat":[16],"product_tag":[],"class_list":{"0":"post-490","1":"product","2":"type-product","3":"status-publish","4":"has-post-thumbnail","6":"product_cat-tous-les-numeros","8":"first","9":"instock","10":"taxable","11":"shipping-taxable","12":"purchasable","13":"product-type-simple"},"jetpack_sharing_enabled":true,"_links":{"self":[{"href":"https:\/\/boutique.garance-voyageuse.org\/index.php\/wp-json\/wp\/v2\/product\/490","targetHints":{"allow":["GET"]}}],"collection":[{"href":"https:\/\/boutique.garance-voyageuse.org\/index.php\/wp-json\/wp\/v2\/product"}],"about":[{"href":"https:\/\/boutique.garance-voyageuse.org\/index.php\/wp-json\/wp\/v2\/types\/product"}],"wp:featuredmedia":[{"embeddable":true,"href":"https:\/\/boutique.garance-voyageuse.org\/index.php\/wp-json\/wp\/v2\/media\/518"}],"wp:attachment":[{"href":"https:\/\/boutique.garance-voyageuse.org\/index.php\/wp-json\/wp\/v2\/media?parent=490"}],"wp:term":[{"taxonomy":"product_brand","embeddable":true,"href":"https:\/\/boutique.garance-voyageuse.org\/index.php\/wp-json\/wp\/v2\/product_brand?post=490"},{"taxonomy":"product_cat","embeddable":true,"href":"https:\/\/boutique.garance-voyageuse.org\/index.php\/wp-json\/wp\/v2\/product_cat?post=490"},{"taxonomy":"product_tag","embeddable":true,"href":"https:\/\/boutique.garance-voyageuse.org\/index.php\/wp-json\/wp\/v2\/product_tag?post=490"}],"curies":[{"name":"wp","href":"https:\/\/api.w.org\/{rel}","templated":true}]}}