{"id":489,"date":"2025-12-31T15:49:08","date_gmt":"2025-12-31T14:49:08","guid":{"rendered":"https:\/\/boutique.garance-voyageuse.org\/?post_type=product&#038;p=489"},"modified":"2026-01-05T14:39:08","modified_gmt":"2026-01-05T13:39:08","slug":"n126-ete-2019","status":"publish","type":"product","link":"https:\/\/boutique.garance-voyageuse.org\/index.php\/produit\/n126-ete-2019\/","title":{"rendered":"n\u00b0126,  \u00e9t\u00e9 2019"},"content":{"rendered":"","protected":false},"excerpt":{"rendered":"<p>C\u2019est l\u2019\u00e9t\u00e9 ! La Garance voyageuse prom\u00e8ne ses pages autour de la M\u00e9diterran\u00e9e et les agrumes, fruits du soleil, vous y sont servis avec beaucoup de science. Elle vous fait plonger sous les eaux bleues, \u00e0 la d\u00e9couverte d\u2019une plante \u00e0 fleurs \u2013 mais oui, mais oui ! \u2212 la posidonie. Sur terre, elle vous invite \u00e0 d\u00e9couvrir l\u2019aliboufier et vous conte le benjoin depuis l\u2019antiquit\u00e9 jusqu\u2019\u00e0 ses usages populaires de nos jours. Elle vous parle aussi d\u2019hell\u00e9bore \u2013 le vrai, le faux, le f\u00e9tide, le vert, ou la rose de No\u00ebl. Elle vous entra\u00eene dans les terrifiants stratag\u00e8mes de guerre entre plantes et phytophages, et vous fait partager son admiration (posthume) pour une femme botaniste du XVIIIe si\u00e8cle, grandement lou\u00e9e de son vivant, et plus grandement oubli\u00e9e ensuite, qui a pourtant su d\u00e9brouiller les \u00e9cheveaux des Poac\u00e9es au Jardin du Roi, aux c\u00f4t\u00e9s des grands naturalistes, Jussieu (le neveu), Buffon, Lac\u00e9p\u00e8de et autres. Enfin, ce num\u00e9ro d\u2019\u00e9t\u00e9 continue \u00e0 jouer aux 7 familles\u2026 de plantes, avec la syst\u00e9matique revisit\u00e9e par les \u00ab Chroniques v\u00e9g\u00e9tales \u00bb.<\/p>\n","protected":false},"featured_media":517,"template":"","meta":[],"product_brand":[],"product_cat":[16],"product_tag":[],"class_list":{"0":"post-489","1":"product","2":"type-product","3":"status-publish","4":"has-post-thumbnail","6":"product_cat-tous-les-numeros","8":"first","9":"instock","10":"taxable","11":"shipping-taxable","12":"purchasable","13":"product-type-simple"},"jetpack_sharing_enabled":true,"_links":{"self":[{"href":"https:\/\/boutique.garance-voyageuse.org\/index.php\/wp-json\/wp\/v2\/product\/489","targetHints":{"allow":["GET"]}}],"collection":[{"href":"https:\/\/boutique.garance-voyageuse.org\/index.php\/wp-json\/wp\/v2\/product"}],"about":[{"href":"https:\/\/boutique.garance-voyageuse.org\/index.php\/wp-json\/wp\/v2\/types\/product"}],"wp:featuredmedia":[{"embeddable":true,"href":"https:\/\/boutique.garance-voyageuse.org\/index.php\/wp-json\/wp\/v2\/media\/517"}],"wp:attachment":[{"href":"https:\/\/boutique.garance-voyageuse.org\/index.php\/wp-json\/wp\/v2\/media?parent=489"}],"wp:term":[{"taxonomy":"product_brand","embeddable":true,"href":"https:\/\/boutique.garance-voyageuse.org\/index.php\/wp-json\/wp\/v2\/product_brand?post=489"},{"taxonomy":"product_cat","embeddable":true,"href":"https:\/\/boutique.garance-voyageuse.org\/index.php\/wp-json\/wp\/v2\/product_cat?post=489"},{"taxonomy":"product_tag","embeddable":true,"href":"https:\/\/boutique.garance-voyageuse.org\/index.php\/wp-json\/wp\/v2\/product_tag?post=489"}],"curies":[{"name":"wp","href":"https:\/\/api.w.org\/{rel}","templated":true}]}}