{"id":487,"date":"2025-12-31T15:49:08","date_gmt":"2025-12-31T14:49:08","guid":{"rendered":"https:\/\/boutique.garance-voyageuse.org\/?post_type=product&#038;p=487"},"modified":"2026-01-05T16:08:23","modified_gmt":"2026-01-05T15:08:23","slug":"lot-10-numeros","status":"publish","type":"product","link":"https:\/\/boutique.garance-voyageuse.org\/index.php\/produit\/lot-10-numeros\/","title":{"rendered":"Lot 10 num\u00e9ros"},"content":{"rendered":"","protected":false},"excerpt":{"rendered":"<p><strong>Choisissez 10 num\u00e9ros ant\u00e9rieurs au num\u00e9ro 111 pour un prix r\u00e9duit ! <\/strong><\/p>\n<p>Pour nous pr\u00e9ciser les num\u00e9ros que vous avez choisi, 2 solutions :<br \/>\n1) au moment de passer la commande, dans le panier, pr\u00e9ciser les num\u00e9ros voulus dans la rubrique \u00ab\u00a0Notes et demandes sp\u00e9ciales\u00a0\u00bb (juste avant les Conditions G\u00e9n\u00e9rales de Vente).<br \/>\n2) par courriel accessible <span style=\"text-decoration: underline;\"><a href=\"component\/contact\/contact\/1.html?Itemid=55\">ICI (lien)<\/a><\/span><\/p>\n<p style=\"text-align: center;\" bgcolor=\"ffffcc\">Attention ! Certains num\u00e9ros sont d\u00e9j\u00e0 \u00e9puis\u00e9s ! Merci de v\u00e9rifier les num\u00e9ros disponibles (ant\u00e9rieurs au n\u00b0111) <a href=\"commander-en-ligne\/numeros-disponibles.html\" target=\"_blank\" rel=\"noopener\">sur cette page (lien)<\/a><\/p>\n<p>Pour nous pr\u00e9ciser les num\u00e9ros que vous avez choisis, 2 solutions :<\/p>\n<p>1) au moment de passer la commande, dans le panier, pr\u00e9ciser les num\u00e9ros voulus dans la rubrique \u00ab\u00a0Notes et demandes sp\u00e9ciales\u00a0\u00bb (juste avant les Conditions G\u00e9n\u00e9rales de Vente).<\/p>\n<p>2) par courriel accessible <span style=\"text-decoration: underline;\"><a href=\"component\/contact\/contact\/1.html?Itemid=55\">ICI (lien)<\/a><\/span><\/p>\n<p><span style=\"position: absolute; left: -65535px;\"><\/span><\/p>\n","protected":false},"featured_media":516,"template":"","meta":[],"product_brand":[],"product_cat":[17],"product_tag":[],"class_list":{"0":"post-487","1":"product","2":"type-product","3":"status-publish","4":"has-post-thumbnail","6":"product_cat-lots-danciens-numeros","8":"first","9":"instock","10":"taxable","11":"shipping-taxable","12":"purchasable","13":"product-type-simple"},"jetpack_sharing_enabled":true,"_links":{"self":[{"href":"https:\/\/boutique.garance-voyageuse.org\/index.php\/wp-json\/wp\/v2\/product\/487","targetHints":{"allow":["GET"]}}],"collection":[{"href":"https:\/\/boutique.garance-voyageuse.org\/index.php\/wp-json\/wp\/v2\/product"}],"about":[{"href":"https:\/\/boutique.garance-voyageuse.org\/index.php\/wp-json\/wp\/v2\/types\/product"}],"wp:featuredmedia":[{"embeddable":true,"href":"https:\/\/boutique.garance-voyageuse.org\/index.php\/wp-json\/wp\/v2\/media\/516"}],"wp:attachment":[{"href":"https:\/\/boutique.garance-voyageuse.org\/index.php\/wp-json\/wp\/v2\/media?parent=487"}],"wp:term":[{"taxonomy":"product_brand","embeddable":true,"href":"https:\/\/boutique.garance-voyageuse.org\/index.php\/wp-json\/wp\/v2\/product_brand?post=487"},{"taxonomy":"product_cat","embeddable":true,"href":"https:\/\/boutique.garance-voyageuse.org\/index.php\/wp-json\/wp\/v2\/product_cat?post=487"},{"taxonomy":"product_tag","embeddable":true,"href":"https:\/\/boutique.garance-voyageuse.org\/index.php\/wp-json\/wp\/v2\/product_tag?post=487"}],"curies":[{"name":"wp","href":"https:\/\/api.w.org\/{rel}","templated":true}]}}