{"id":486,"date":"2025-12-31T15:49:08","date_gmt":"2025-12-31T14:49:08","guid":{"rendered":"https:\/\/boutique.garance-voyageuse.org\/?post_type=product&#038;p=486"},"modified":"2026-01-05T14:38:53","modified_gmt":"2026-01-05T13:38:53","slug":"n125-printemps-2019","status":"publish","type":"product","link":"https:\/\/boutique.garance-voyageuse.org\/index.php\/produit\/n125-printemps-2019\/","title":{"rendered":"n\u00b0125,  printemps 2019"},"content":{"rendered":"","protected":false},"excerpt":{"rendered":"<p>Le num\u00e9ro de printemps de La Garance voyageuse vous emm\u00e8ne \u00e0 la d\u00e9couverte de quelques plantes que vous pourrez rencontrer lors de vos prochaines promenades : cuscute, grande berce ou berce naine, petite oseille (mais pas la grande)\u2026 ou d\u2019un palmier que vous ne rencontrerez pas, puisqu\u2019il a disparu de l\u2019\u00eele de P\u00e2ques \u2013 et du monde entier \u2013 depuis plus de trois si\u00e8cles. Elle se fait tr\u00e8s s\u00e9rieuse pour vous pr\u00e9senter la phytosociologie synusiale int\u00e9gr\u00e9e. Elle vous offre en prime un portrait de Pietro Andrea Matthioli, savant botaniste du XVIe si\u00e8cle. Et un troisi\u00e8me cycle de Chroniques v\u00e9g\u00e9tales, illustr\u00e9es avec humour, commence, consacr\u00e9 cette ann\u00e9e aux familles de plantes. Enfin, une fois n\u2019est pas coutume, La Garance est all\u00e9e \u00e0 la p\u00eache dans le monde animal et vous a cuisin\u00e9 un gros poisson\u2026 d\u2019avril ! Si vous n\u2019\u00eates pas mort de rire (ou d\u2019indignation) vous pourrez vous nourrir, ensuite, des habituelles actualit\u00e9s scientifiques, des br\u00e8ves de derni\u00e8re minute, et des nombreuses lectures qu\u2019elle vous recommande\u2026<\/p>\n","protected":false},"featured_media":515,"template":"","meta":[],"product_brand":[],"product_cat":[16],"product_tag":[],"class_list":{"0":"post-486","1":"product","2":"type-product","3":"status-publish","4":"has-post-thumbnail","6":"product_cat-tous-les-numeros","8":"first","9":"instock","10":"taxable","11":"shipping-taxable","12":"purchasable","13":"product-type-simple"},"jetpack_sharing_enabled":true,"_links":{"self":[{"href":"https:\/\/boutique.garance-voyageuse.org\/index.php\/wp-json\/wp\/v2\/product\/486","targetHints":{"allow":["GET"]}}],"collection":[{"href":"https:\/\/boutique.garance-voyageuse.org\/index.php\/wp-json\/wp\/v2\/product"}],"about":[{"href":"https:\/\/boutique.garance-voyageuse.org\/index.php\/wp-json\/wp\/v2\/types\/product"}],"wp:featuredmedia":[{"embeddable":true,"href":"https:\/\/boutique.garance-voyageuse.org\/index.php\/wp-json\/wp\/v2\/media\/515"}],"wp:attachment":[{"href":"https:\/\/boutique.garance-voyageuse.org\/index.php\/wp-json\/wp\/v2\/media?parent=486"}],"wp:term":[{"taxonomy":"product_brand","embeddable":true,"href":"https:\/\/boutique.garance-voyageuse.org\/index.php\/wp-json\/wp\/v2\/product_brand?post=486"},{"taxonomy":"product_cat","embeddable":true,"href":"https:\/\/boutique.garance-voyageuse.org\/index.php\/wp-json\/wp\/v2\/product_cat?post=486"},{"taxonomy":"product_tag","embeddable":true,"href":"https:\/\/boutique.garance-voyageuse.org\/index.php\/wp-json\/wp\/v2\/product_tag?post=486"}],"curies":[{"name":"wp","href":"https:\/\/api.w.org\/{rel}","templated":true}]}}