{"id":485,"date":"2025-12-31T15:49:08","date_gmt":"2025-12-31T14:49:08","guid":{"rendered":"https:\/\/boutique.garance-voyageuse.org\/?post_type=product&#038;p=485"},"modified":"2026-01-05T14:38:26","modified_gmt":"2026-01-05T13:38:26","slug":"n124-hiver-2018","status":"publish","type":"product","link":"https:\/\/boutique.garance-voyageuse.org\/index.php\/produit\/n124-hiver-2018\/","title":{"rendered":"n\u00b0124,  hiver 2018"},"content":{"rendered":"","protected":false},"excerpt":{"rendered":"<p>Voici maintenant 30 ans que La Garance voyageuse emm\u00e8ne ses lecteurs de par le monde v\u00e9g\u00e9tal, par monts et par vaux, de berges en rivages, d\u2019\u00eeles en continents. Pour ce num\u00e9ro sp\u00e9cial, c\u2019est par l\u2019art qu\u2019elle aborde le monde des plantes. Elle vous fait d\u00e9couvrir la richesse \u00e0 la fois floristique et symbolique d\u2019un tableau m\u00e9di\u00e9val du Jardin du Paradis. Elle fait conna\u00eetre l\u2019\u0153uvre picturale et botanique d\u2019un tandem de naturalistes ni\u00e7ois du XIXe si\u00e8cle. Elle a mis ses fins limiers sur la piste d\u2019un myst\u00e9rieux herbier retrouv\u00e9 dans un hameau de montagne. L\u2019\u00e9cologie racont\u00e9e par les plantes se termine avec la confrontation de Jean de La Fontaine et de Jean Anouilh. Et, puisqu\u2019il est de saison de faire des v\u0153ux, elle propose un tour d\u2019Europe des plantes porte bonheur et elle ajoute quelques titres de bonnes lectures \u00e0 ajouter aux \u00e9trennes. Mais aussi, juste retour des choses, elle publie les petits mots doux, dessins, m\u00e9ditations et nouvelles, que ses lecteurs de 8 \u00e0 88 ans lui ont offerts pour son anniversaire !<\/p>\n","protected":false},"featured_media":514,"template":"","meta":[],"product_brand":[],"product_cat":[16],"product_tag":[],"class_list":{"0":"post-485","1":"product","2":"type-product","3":"status-publish","4":"has-post-thumbnail","6":"product_cat-tous-les-numeros","8":"first","9":"instock","10":"taxable","11":"shipping-taxable","12":"purchasable","13":"product-type-simple"},"jetpack_sharing_enabled":true,"_links":{"self":[{"href":"https:\/\/boutique.garance-voyageuse.org\/index.php\/wp-json\/wp\/v2\/product\/485","targetHints":{"allow":["GET"]}}],"collection":[{"href":"https:\/\/boutique.garance-voyageuse.org\/index.php\/wp-json\/wp\/v2\/product"}],"about":[{"href":"https:\/\/boutique.garance-voyageuse.org\/index.php\/wp-json\/wp\/v2\/types\/product"}],"wp:featuredmedia":[{"embeddable":true,"href":"https:\/\/boutique.garance-voyageuse.org\/index.php\/wp-json\/wp\/v2\/media\/514"}],"wp:attachment":[{"href":"https:\/\/boutique.garance-voyageuse.org\/index.php\/wp-json\/wp\/v2\/media?parent=485"}],"wp:term":[{"taxonomy":"product_brand","embeddable":true,"href":"https:\/\/boutique.garance-voyageuse.org\/index.php\/wp-json\/wp\/v2\/product_brand?post=485"},{"taxonomy":"product_cat","embeddable":true,"href":"https:\/\/boutique.garance-voyageuse.org\/index.php\/wp-json\/wp\/v2\/product_cat?post=485"},{"taxonomy":"product_tag","embeddable":true,"href":"https:\/\/boutique.garance-voyageuse.org\/index.php\/wp-json\/wp\/v2\/product_tag?post=485"}],"curies":[{"name":"wp","href":"https:\/\/api.w.org\/{rel}","templated":true}]}}