{"id":481,"date":"2025-12-31T15:49:07","date_gmt":"2025-12-31T14:49:07","guid":{"rendered":"https:\/\/boutique.garance-voyageuse.org\/?post_type=product&#038;p=481"},"modified":"2026-01-05T14:58:50","modified_gmt":"2026-01-05T13:58:50","slug":"n122-ete-2018","status":"publish","type":"product","link":"https:\/\/boutique.garance-voyageuse.org\/index.php\/produit\/n122-ete-2018\/","title":{"rendered":"n\u00b0122,  \u00e9t\u00e9 2018"},"content":{"rendered":"","protected":false},"excerpt":{"rendered":"<p>L\u00e9gendes et voyages lointains sont au programme d\u2019\u00e9t\u00e9 de La Garance voyageuse. Dans son num\u00e9ro 122, elle vous emm\u00e8ne en Am\u00e9rique du Sud avec la l\u00e9gende de l\u2019arbre aux gousses b\u00e9n\u00e9fiques. Vous verrez s\u2019\u00e9difier Mexico avec le figuier de Barbarie, dont on nous promet maintes utilisations pour notre futur, et vous irez vous rafra\u00eechir \u00e0 l\u2019ombre des bambousaies du Laos. Mais si vous restez dans l\u2019hexagone, voyez le bilan de dix ann\u00e9es d\u2019observations Vigie-flore, et peut-\u00eatre vous engagerez-vous aussi dans l\u2019aventure. Les Chroniques v\u00e9g\u00e9tales vous proposent toujours quelques points de vue \u00ab v\u00e9g\u00e9taux \u00bb sur l\u2019\u00e9cologie et, pour les soir\u00e9es de repos, vous serez invit\u00e9s \u00e0 r\u00e9fl\u00e9chir \u00e0 ce que l\u2019on pourrait appeler l\u2019intelligence des plantes, \u00e0 moins que vous ne pr\u00e9f\u00e9riez la lecture des ouvrages que La Garance a comment\u00e9s pour vous dans ses pages Lectures ou Coin jeunesse.<\/p>\n","protected":false},"featured_media":511,"template":"","meta":[],"product_brand":[],"product_cat":[16],"product_tag":[],"class_list":{"0":"post-481","1":"product","2":"type-product","3":"status-publish","4":"has-post-thumbnail","6":"product_cat-tous-les-numeros","8":"first","9":"instock","10":"taxable","11":"shipping-taxable","12":"purchasable","13":"product-type-simple"},"jetpack_sharing_enabled":true,"_links":{"self":[{"href":"https:\/\/boutique.garance-voyageuse.org\/index.php\/wp-json\/wp\/v2\/product\/481","targetHints":{"allow":["GET"]}}],"collection":[{"href":"https:\/\/boutique.garance-voyageuse.org\/index.php\/wp-json\/wp\/v2\/product"}],"about":[{"href":"https:\/\/boutique.garance-voyageuse.org\/index.php\/wp-json\/wp\/v2\/types\/product"}],"wp:featuredmedia":[{"embeddable":true,"href":"https:\/\/boutique.garance-voyageuse.org\/index.php\/wp-json\/wp\/v2\/media\/511"}],"wp:attachment":[{"href":"https:\/\/boutique.garance-voyageuse.org\/index.php\/wp-json\/wp\/v2\/media?parent=481"}],"wp:term":[{"taxonomy":"product_brand","embeddable":true,"href":"https:\/\/boutique.garance-voyageuse.org\/index.php\/wp-json\/wp\/v2\/product_brand?post=481"},{"taxonomy":"product_cat","embeddable":true,"href":"https:\/\/boutique.garance-voyageuse.org\/index.php\/wp-json\/wp\/v2\/product_cat?post=481"},{"taxonomy":"product_tag","embeddable":true,"href":"https:\/\/boutique.garance-voyageuse.org\/index.php\/wp-json\/wp\/v2\/product_tag?post=481"}],"curies":[{"name":"wp","href":"https:\/\/api.w.org\/{rel}","templated":true}]}}