{"id":479,"date":"2025-12-31T15:49:07","date_gmt":"2025-12-31T14:49:07","guid":{"rendered":"https:\/\/boutique.garance-voyageuse.org\/?post_type=product&#038;p=479"},"modified":"2026-01-05T15:00:58","modified_gmt":"2026-01-05T14:00:58","slug":"n120-hiver-2017","status":"publish","type":"product","link":"https:\/\/boutique.garance-voyageuse.org\/index.php\/produit\/n120-hiver-2017\/","title":{"rendered":"n\u00b0120,  hiver 2017"},"content":{"rendered":"","protected":false},"excerpt":{"rendered":"<p>La Garance voyageuse s\u2019interroge sur le domaine de l\u2019ethnobotanique, discipline qui a pour objectif de recueillir les savoirs et d\u2019\u00e9tudier les pratiques des soci\u00e9t\u00e9s en relation avec le monde v\u00e9g\u00e9tal. Une quinzaine de sp\u00e9cialistes en la mati\u00e8re apportent leurs t\u00e9moignages, un aper\u00e7u de leurs recherches dans ce vaste domaine. D\u2019Indochine en Kurdistan, d\u2019Amazonie en Haute-Provence, de la Bretagne aux Alpes et au Tibet, les relations traditionnelles qu\u2019entretiennent les hommes avec les plantes sont \u00e9voqu\u00e9es, sans n\u00e9gliger les menaces que font peser sur certaines ressources v\u00e9g\u00e9tales les explorations pass\u00e9es et les exploitations contemporaines. En \u00e9cho riche et complexe \u00e0 l\u2019engouement actuel pour les \u00ab cueillettes sauvages \u00bb, l\u2019ethnobotanique r\u00e9v\u00e8le ici la multiplicit\u00e9 des disciplines qui entrent en jeu dans ses recherches, o\u00f9 se marient l\u2019ethnologie, la botanique, la linguistique, la pharmacologie, l\u2019histoire, l\u2019\u00e9conomie et le droit.<br \/>\nUn num\u00e9ro \u00ab sp\u00e9cial ethnobotanique \u00bb, 64 pages d\u2019explorations pour vous donner envie d\u2019aller plus loin\u2026<\/p>\n","protected":false},"featured_media":509,"template":"","meta":[],"product_brand":[],"product_cat":[16],"product_tag":[],"class_list":{"0":"post-479","1":"product","2":"type-product","3":"status-publish","4":"has-post-thumbnail","6":"product_cat-tous-les-numeros","8":"first","9":"instock","10":"taxable","11":"shipping-taxable","12":"purchasable","13":"product-type-simple"},"jetpack_sharing_enabled":true,"_links":{"self":[{"href":"https:\/\/boutique.garance-voyageuse.org\/index.php\/wp-json\/wp\/v2\/product\/479","targetHints":{"allow":["GET"]}}],"collection":[{"href":"https:\/\/boutique.garance-voyageuse.org\/index.php\/wp-json\/wp\/v2\/product"}],"about":[{"href":"https:\/\/boutique.garance-voyageuse.org\/index.php\/wp-json\/wp\/v2\/types\/product"}],"wp:featuredmedia":[{"embeddable":true,"href":"https:\/\/boutique.garance-voyageuse.org\/index.php\/wp-json\/wp\/v2\/media\/509"}],"wp:attachment":[{"href":"https:\/\/boutique.garance-voyageuse.org\/index.php\/wp-json\/wp\/v2\/media?parent=479"}],"wp:term":[{"taxonomy":"product_brand","embeddable":true,"href":"https:\/\/boutique.garance-voyageuse.org\/index.php\/wp-json\/wp\/v2\/product_brand?post=479"},{"taxonomy":"product_cat","embeddable":true,"href":"https:\/\/boutique.garance-voyageuse.org\/index.php\/wp-json\/wp\/v2\/product_cat?post=479"},{"taxonomy":"product_tag","embeddable":true,"href":"https:\/\/boutique.garance-voyageuse.org\/index.php\/wp-json\/wp\/v2\/product_tag?post=479"}],"curies":[{"name":"wp","href":"https:\/\/api.w.org\/{rel}","templated":true}]}}