{"id":477,"date":"2025-12-31T15:49:07","date_gmt":"2025-12-31T14:49:07","guid":{"rendered":"https:\/\/boutique.garance-voyageuse.org\/?post_type=product&#038;p=477"},"modified":"2026-01-05T15:04:00","modified_gmt":"2026-01-05T14:04:00","slug":"n118-ete-2017","status":"publish","type":"product","link":"https:\/\/boutique.garance-voyageuse.org\/index.php\/produit\/n118-ete-2017\/","title":{"rendered":"n\u00b0118,  \u00e9t\u00e9 2017"},"content":{"rendered":"","protected":false},"excerpt":{"rendered":"<p>C\u2019est l\u2019\u00e9t\u00e9 ! La Garance voyageuse, dans son n\u00b0 118, vous entra\u00eene en Bretagne, c\u00e9l\u00e9brer l\u2019ajonc aux fleurs d\u2019or. Elle vous prom\u00e8nera ensuite sur le pourtour de la M\u00e9diterran\u00e9e \u00e0 la d\u00e9couverte d\u2019un arbre-friandise bien m\u00e9connu : le caroubier. Et si vous avez la nostalgie du voyage en Afrique du Sud, il se prolonge encore ce trimestre, \u00e0 la d\u00e9couverte des plantes succulentes du Karoo. Les chroniques v\u00e9g\u00e9tales, \u00ab L\u2019\u00e9volution racont\u00e9e par les plantes \u00bb, se poursuivent, avec quatre nouveaux \u00e9pisodes et, \u00e0 cette occasion, on fait un point tr\u00e8s savant sur l\u2019\u00e9volution des organes reproducteurs des plantes \u00e0 fleurs : de l\u2019ovule \u00e0 l\u2019ovaire. Et l\u2019on jettera un regard sur ce qu\u2019a pu \u00eatre l\u2019enseignement de la botanique \u00ab morale et religieuse \u00bb au XIXe si\u00e8cle, avant de vous offrir un choix de lectures pour petits et grands et les habituelles actualit\u00e9s du monde v\u00e9g\u00e9tal.<\/p>\n","protected":false},"featured_media":507,"template":"","meta":[],"product_brand":[],"product_cat":[16],"product_tag":[],"class_list":{"0":"post-477","1":"product","2":"type-product","3":"status-publish","4":"has-post-thumbnail","6":"product_cat-tous-les-numeros","8":"first","9":"instock","10":"taxable","11":"shipping-taxable","12":"purchasable","13":"product-type-simple"},"jetpack_sharing_enabled":true,"_links":{"self":[{"href":"https:\/\/boutique.garance-voyageuse.org\/index.php\/wp-json\/wp\/v2\/product\/477","targetHints":{"allow":["GET"]}}],"collection":[{"href":"https:\/\/boutique.garance-voyageuse.org\/index.php\/wp-json\/wp\/v2\/product"}],"about":[{"href":"https:\/\/boutique.garance-voyageuse.org\/index.php\/wp-json\/wp\/v2\/types\/product"}],"wp:featuredmedia":[{"embeddable":true,"href":"https:\/\/boutique.garance-voyageuse.org\/index.php\/wp-json\/wp\/v2\/media\/507"}],"wp:attachment":[{"href":"https:\/\/boutique.garance-voyageuse.org\/index.php\/wp-json\/wp\/v2\/media?parent=477"}],"wp:term":[{"taxonomy":"product_brand","embeddable":true,"href":"https:\/\/boutique.garance-voyageuse.org\/index.php\/wp-json\/wp\/v2\/product_brand?post=477"},{"taxonomy":"product_cat","embeddable":true,"href":"https:\/\/boutique.garance-voyageuse.org\/index.php\/wp-json\/wp\/v2\/product_cat?post=477"},{"taxonomy":"product_tag","embeddable":true,"href":"https:\/\/boutique.garance-voyageuse.org\/index.php\/wp-json\/wp\/v2\/product_tag?post=477"}],"curies":[{"name":"wp","href":"https:\/\/api.w.org\/{rel}","templated":true}]}}