{"id":476,"date":"2025-12-31T15:49:07","date_gmt":"2025-12-31T14:49:07","guid":{"rendered":"https:\/\/boutique.garance-voyageuse.org\/?post_type=product&#038;p=476"},"modified":"2026-01-05T15:04:20","modified_gmt":"2026-01-05T14:04:20","slug":"n117-printemps-2017","status":"publish","type":"product","link":"https:\/\/boutique.garance-voyageuse.org\/index.php\/produit\/n117-printemps-2017\/","title":{"rendered":"n\u00b0117,  printemps 2017"},"content":{"rendered":"","protected":false},"excerpt":{"rendered":"<p>En ce printemps 2017, La Garance voyageuse vous invite au voyage. Voyage sur les oc\u00e9ans avec les graines qui flottent \u00e0 la conqu\u00eate de nouveaux rivages, voyage en Afrique du Sud \u00e0 la d\u00e9couverte d\u2019une exceptionnelle diversit\u00e9 floristique. Voyage dans le temps, avec la (re)d\u00e9couverte de pratiques ancestrales de culture de la vigne et, plus loin encore, avec l\u2019histoire de l\u2019\u00e9volution racont\u00e9e par les plantes. Elle vous invite aussi \u00e0 la r\u00e9flexion sur notre rapport aux arbres et sur la naturalit\u00e9 des for\u00eats et \u00e0 vous impliquer pour la d\u00e9fense de celle-ci. Et, pour pr\u00e9parer vos balades en montagne, elle vous offre des cl\u00e9s pour distinguer les esp\u00e8ces d\u2019ancolies. Dans ses rubriques habituelles, \u00e9chos des sciences, notes de lectures et br\u00e8ves, vous trouverez de quoi faire le point sur le sujet des plantes \u00ab invasives \u00bb et de quoi enrichir votre biblioth\u00e8que botanique avec quelques flores et dictionnaires, mais aussi des ouvrages \u00e0 lire au coin du feu, s\u2019il fait frisquet ou pluvieux, pour vous immerger dans la nature par le truchement d\u2019auteurs passionnants.<\/p>\n","protected":false},"featured_media":506,"template":"","meta":[],"product_brand":[],"product_cat":[16],"product_tag":[],"class_list":{"0":"post-476","1":"product","2":"type-product","3":"status-publish","4":"has-post-thumbnail","6":"product_cat-tous-les-numeros","8":"first","9":"instock","10":"taxable","11":"shipping-taxable","12":"purchasable","13":"product-type-simple"},"jetpack_sharing_enabled":true,"_links":{"self":[{"href":"https:\/\/boutique.garance-voyageuse.org\/index.php\/wp-json\/wp\/v2\/product\/476","targetHints":{"allow":["GET"]}}],"collection":[{"href":"https:\/\/boutique.garance-voyageuse.org\/index.php\/wp-json\/wp\/v2\/product"}],"about":[{"href":"https:\/\/boutique.garance-voyageuse.org\/index.php\/wp-json\/wp\/v2\/types\/product"}],"wp:featuredmedia":[{"embeddable":true,"href":"https:\/\/boutique.garance-voyageuse.org\/index.php\/wp-json\/wp\/v2\/media\/506"}],"wp:attachment":[{"href":"https:\/\/boutique.garance-voyageuse.org\/index.php\/wp-json\/wp\/v2\/media?parent=476"}],"wp:term":[{"taxonomy":"product_brand","embeddable":true,"href":"https:\/\/boutique.garance-voyageuse.org\/index.php\/wp-json\/wp\/v2\/product_brand?post=476"},{"taxonomy":"product_cat","embeddable":true,"href":"https:\/\/boutique.garance-voyageuse.org\/index.php\/wp-json\/wp\/v2\/product_cat?post=476"},{"taxonomy":"product_tag","embeddable":true,"href":"https:\/\/boutique.garance-voyageuse.org\/index.php\/wp-json\/wp\/v2\/product_tag?post=476"}],"curies":[{"name":"wp","href":"https:\/\/api.w.org\/{rel}","templated":true}]}}