{"id":475,"date":"2025-12-31T15:49:07","date_gmt":"2025-12-31T14:49:07","guid":{"rendered":"https:\/\/boutique.garance-voyageuse.org\/?post_type=product&#038;p=475"},"modified":"2026-01-05T14:57:32","modified_gmt":"2026-01-05T13:57:32","slug":"n116-hiver-2016","status":"publish","type":"product","link":"https:\/\/boutique.garance-voyageuse.org\/index.php\/produit\/n116-hiver-2016\/","title":{"rendered":"n\u00b0116,  hiver 2016"},"content":{"rendered":"","protected":false},"excerpt":{"rendered":"<p>C\u2019est \u00e0 un festival de musique(s) que vous convie La Garance voyageuse. La musique qui nait du souffle du vent dans les arbres ou de celui des petites filles sur un brin d\u2019herbe, du musicien qui joue de la feuille de lierre \u00e0 celui qui fait chanter les troncs taill\u00e9s des arbres. Des instruments construits dans un bambou ou \u00e0 partir d\u2019une calebasse, \u00e0 ceux que l\u2019on taille dans un tronc de buis ou une planche d\u2019\u00e9rable. De ceux dont le bois est travaill\u00e9 par l\u2019implantation d\u2019un champignon, \u00e0 ceux que l\u2019on vernit \u00e0 l\u2019aide de r\u00e9sines v\u00e9g\u00e9tales et que l\u2019on colore \u00e0\u2026 la garance ! Les m\u00e9tamorphoses multiples de la plante en son vous seront cont\u00e9es ici en science, en art et en po\u00e9sie !<\/p>\n","protected":false},"featured_media":505,"template":"","meta":[],"product_brand":[],"product_cat":[16],"product_tag":[],"class_list":{"0":"post-475","1":"product","2":"type-product","3":"status-publish","4":"has-post-thumbnail","6":"product_cat-tous-les-numeros","8":"first","9":"instock","10":"taxable","11":"shipping-taxable","12":"purchasable","13":"product-type-simple"},"jetpack_sharing_enabled":true,"_links":{"self":[{"href":"https:\/\/boutique.garance-voyageuse.org\/index.php\/wp-json\/wp\/v2\/product\/475","targetHints":{"allow":["GET"]}}],"collection":[{"href":"https:\/\/boutique.garance-voyageuse.org\/index.php\/wp-json\/wp\/v2\/product"}],"about":[{"href":"https:\/\/boutique.garance-voyageuse.org\/index.php\/wp-json\/wp\/v2\/types\/product"}],"wp:featuredmedia":[{"embeddable":true,"href":"https:\/\/boutique.garance-voyageuse.org\/index.php\/wp-json\/wp\/v2\/media\/505"}],"wp:attachment":[{"href":"https:\/\/boutique.garance-voyageuse.org\/index.php\/wp-json\/wp\/v2\/media?parent=475"}],"wp:term":[{"taxonomy":"product_brand","embeddable":true,"href":"https:\/\/boutique.garance-voyageuse.org\/index.php\/wp-json\/wp\/v2\/product_brand?post=475"},{"taxonomy":"product_cat","embeddable":true,"href":"https:\/\/boutique.garance-voyageuse.org\/index.php\/wp-json\/wp\/v2\/product_cat?post=475"},{"taxonomy":"product_tag","embeddable":true,"href":"https:\/\/boutique.garance-voyageuse.org\/index.php\/wp-json\/wp\/v2\/product_tag?post=475"}],"curies":[{"name":"wp","href":"https:\/\/api.w.org\/{rel}","templated":true}]}}