{"id":474,"date":"2025-12-31T15:49:07","date_gmt":"2025-12-31T14:49:07","guid":{"rendered":"https:\/\/boutique.garance-voyageuse.org\/?post_type=product&#038;p=474"},"modified":"2026-01-05T15:04:47","modified_gmt":"2026-01-05T14:04:47","slug":"n115-automne-2016","status":"publish","type":"product","link":"https:\/\/boutique.garance-voyageuse.org\/index.php\/produit\/n115-automne-2016\/","title":{"rendered":"n\u00b0115,  automne 2016"},"content":{"rendered":"","protected":false},"excerpt":{"rendered":"<p>Fin de l\u2019\u00e9t\u00e9\u2026 c\u2019est le moment de vous promener sur les bancs de sable de la Loire, \u00e0 la d\u00e9couverte d\u2019une flore particuli\u00e8re, en compagnie du num\u00e9ro 115 de La Garance voyageuse. Interrogez-vous aussi avec elle sur la conduite des roseraies, sur l\u2019entretien des bermes, et sur les bien- ou m\u00e9-faits de l\u2019aromath\u00e9rapie. Apprenez \u00e0 distinguer, mieux que Jean-Jacques Rousseau, la garance voyageuse de la garance des teinturiers, et participez \u00e0 un atelier \u00ab bombes \u00e0 graines \u00bb tout en p\u00e9dagogie. Et si vos pas en for\u00eat vous font c\u00f4toyer la foug\u00e8re aigle, ce num\u00e9ro vous racontera comment cette plante a conquis le monde !<\/p>\n","protected":false},"featured_media":504,"template":"","meta":[],"product_brand":[],"product_cat":[16],"product_tag":[],"class_list":{"0":"post-474","1":"product","2":"type-product","3":"status-publish","4":"has-post-thumbnail","6":"product_cat-tous-les-numeros","8":"first","9":"instock","10":"taxable","11":"shipping-taxable","12":"purchasable","13":"product-type-simple"},"jetpack_sharing_enabled":true,"_links":{"self":[{"href":"https:\/\/boutique.garance-voyageuse.org\/index.php\/wp-json\/wp\/v2\/product\/474","targetHints":{"allow":["GET"]}}],"collection":[{"href":"https:\/\/boutique.garance-voyageuse.org\/index.php\/wp-json\/wp\/v2\/product"}],"about":[{"href":"https:\/\/boutique.garance-voyageuse.org\/index.php\/wp-json\/wp\/v2\/types\/product"}],"wp:featuredmedia":[{"embeddable":true,"href":"https:\/\/boutique.garance-voyageuse.org\/index.php\/wp-json\/wp\/v2\/media\/504"}],"wp:attachment":[{"href":"https:\/\/boutique.garance-voyageuse.org\/index.php\/wp-json\/wp\/v2\/media?parent=474"}],"wp:term":[{"taxonomy":"product_brand","embeddable":true,"href":"https:\/\/boutique.garance-voyageuse.org\/index.php\/wp-json\/wp\/v2\/product_brand?post=474"},{"taxonomy":"product_cat","embeddable":true,"href":"https:\/\/boutique.garance-voyageuse.org\/index.php\/wp-json\/wp\/v2\/product_cat?post=474"},{"taxonomy":"product_tag","embeddable":true,"href":"https:\/\/boutique.garance-voyageuse.org\/index.php\/wp-json\/wp\/v2\/product_tag?post=474"}],"curies":[{"name":"wp","href":"https:\/\/api.w.org\/{rel}","templated":true}]}}