{"id":473,"date":"2025-12-31T15:49:07","date_gmt":"2025-12-31T14:49:07","guid":{"rendered":"https:\/\/boutique.garance-voyageuse.org\/?post_type=product&#038;p=473"},"modified":"2026-01-05T15:05:04","modified_gmt":"2026-01-05T14:05:04","slug":"n114-ete-2016","status":"publish","type":"product","link":"https:\/\/boutique.garance-voyageuse.org\/index.php\/produit\/n114-ete-2016\/","title":{"rendered":"n\u00b0114,  \u00e9t\u00e9 2016"},"content":{"rendered":"","protected":false},"excerpt":{"rendered":"<p>La Garance voyageuse se prom\u00e8ne cet \u00e9t\u00e9 sur les bords de mer, en Bretagne et en Croatie, y go\u00fbte \u00e0 la criste marine, y d\u00e9couvre c\u00e2prier et limonium. Vous \u00eates \u00e0 la campagne ou en montagne ? Elle vous aide \u00e0 reconna\u00eetre les 10 esp\u00e8ces de ch\u00e8vrefeuilles pr\u00e9sentes en France. Vous croyez conna\u00eetre les saules ? Hmm ! Voyez un peu ce que l\u2019on vous en dit. Et d\u00e9couvrez aussi les Charac\u00e9es, ces algues d\u2019eau douce m\u00e9connues. Suivez l\u2019enqu\u00eate de notre ethnobotaniste \u00e0 la recherche de l\u2019antoune\u0085 Vous ne savez pas ce que c\u2019est ? Vous le saurez \u00e0 la fin de ce num\u00e9ro ! Et tournons-nous aussi vers le futur, avec les promesses du biomim\u00e9tisme, et les avanc\u00e9es de l\u2019\u00e9pig\u00e9n\u00e9tique. Les habituels \u00e9chos des sciences aviveront votre curiosit\u00e9, et nos recommandations de lectures pourront vous accompagner durant les journ\u00e9es de repos. \u00c0 moins que vous ne pr\u00e9f\u00e9riez suivre nos annonces de stages, expositions et autres lieux \u00e0 visiter.<\/p>\n","protected":false},"featured_media":503,"template":"","meta":[],"product_brand":[],"product_cat":[16],"product_tag":[],"class_list":{"0":"post-473","1":"product","2":"type-product","3":"status-publish","4":"has-post-thumbnail","6":"product_cat-tous-les-numeros","8":"first","9":"instock","10":"taxable","11":"shipping-taxable","12":"purchasable","13":"product-type-simple"},"jetpack_sharing_enabled":true,"_links":{"self":[{"href":"https:\/\/boutique.garance-voyageuse.org\/index.php\/wp-json\/wp\/v2\/product\/473","targetHints":{"allow":["GET"]}}],"collection":[{"href":"https:\/\/boutique.garance-voyageuse.org\/index.php\/wp-json\/wp\/v2\/product"}],"about":[{"href":"https:\/\/boutique.garance-voyageuse.org\/index.php\/wp-json\/wp\/v2\/types\/product"}],"wp:featuredmedia":[{"embeddable":true,"href":"https:\/\/boutique.garance-voyageuse.org\/index.php\/wp-json\/wp\/v2\/media\/503"}],"wp:attachment":[{"href":"https:\/\/boutique.garance-voyageuse.org\/index.php\/wp-json\/wp\/v2\/media?parent=473"}],"wp:term":[{"taxonomy":"product_brand","embeddable":true,"href":"https:\/\/boutique.garance-voyageuse.org\/index.php\/wp-json\/wp\/v2\/product_brand?post=473"},{"taxonomy":"product_cat","embeddable":true,"href":"https:\/\/boutique.garance-voyageuse.org\/index.php\/wp-json\/wp\/v2\/product_cat?post=473"},{"taxonomy":"product_tag","embeddable":true,"href":"https:\/\/boutique.garance-voyageuse.org\/index.php\/wp-json\/wp\/v2\/product_tag?post=473"}],"curies":[{"name":"wp","href":"https:\/\/api.w.org\/{rel}","templated":true}]}}