{"id":471,"date":"2025-12-31T15:49:07","date_gmt":"2025-12-31T14:49:07","guid":{"rendered":"https:\/\/boutique.garance-voyageuse.org\/?post_type=product&#038;p=471"},"modified":"2026-01-05T15:05:44","modified_gmt":"2026-01-05T14:05:44","slug":"n112-hiver-2015","status":"publish","type":"product","link":"https:\/\/boutique.garance-voyageuse.org\/index.php\/produit\/n112-hiver-2015\/","title":{"rendered":"n\u00b0112,  hiver 2015"},"content":{"rendered":"","protected":false},"excerpt":{"rendered":"<p>Dans ce num\u00e9ro 112, nous nous prom\u00e8nerons, \u00e0 la mani\u00e8re de Fabre, dans les interrelations des plantes et des insectes.<br \/>\nDes racines aux feuilles en passant par les tiges, nous rencontrerons hannetons, pacha \u00e0 deux queues et cicadelles.<br \/>\nNous observerons le bombyx du murier sur son \u00ab arbre d\u2019or \u00bb ou l\u2019azur\u00e9 des mouill\u00e8res et la fourmi rouge autour de la gentiane des marais. Nous p\u00e9n\u00e8trerons dans la riche communaut\u00e9 des commensaux, inquilins, symbiotes ou parasites abrit\u00e9e par les galles et zoomerons sur les strat\u00e9gies des plantes \u00e0 fleurs pour s\u2019attirer les abeilles.<br \/>\nEt nous survolerons mille et une autres informations que nous apporteront les \u00e9chos des sciences et lectures.<\/p>\n","protected":false},"featured_media":501,"template":"","meta":[],"product_brand":[],"product_cat":[16],"product_tag":[],"class_list":{"0":"post-471","1":"product","2":"type-product","3":"status-publish","4":"has-post-thumbnail","6":"product_cat-tous-les-numeros","8":"first","9":"instock","10":"taxable","11":"shipping-taxable","12":"purchasable","13":"product-type-simple"},"jetpack_sharing_enabled":true,"_links":{"self":[{"href":"https:\/\/boutique.garance-voyageuse.org\/index.php\/wp-json\/wp\/v2\/product\/471","targetHints":{"allow":["GET"]}}],"collection":[{"href":"https:\/\/boutique.garance-voyageuse.org\/index.php\/wp-json\/wp\/v2\/product"}],"about":[{"href":"https:\/\/boutique.garance-voyageuse.org\/index.php\/wp-json\/wp\/v2\/types\/product"}],"wp:featuredmedia":[{"embeddable":true,"href":"https:\/\/boutique.garance-voyageuse.org\/index.php\/wp-json\/wp\/v2\/media\/501"}],"wp:attachment":[{"href":"https:\/\/boutique.garance-voyageuse.org\/index.php\/wp-json\/wp\/v2\/media?parent=471"}],"wp:term":[{"taxonomy":"product_brand","embeddable":true,"href":"https:\/\/boutique.garance-voyageuse.org\/index.php\/wp-json\/wp\/v2\/product_brand?post=471"},{"taxonomy":"product_cat","embeddable":true,"href":"https:\/\/boutique.garance-voyageuse.org\/index.php\/wp-json\/wp\/v2\/product_cat?post=471"},{"taxonomy":"product_tag","embeddable":true,"href":"https:\/\/boutique.garance-voyageuse.org\/index.php\/wp-json\/wp\/v2\/product_tag?post=471"}],"curies":[{"name":"wp","href":"https:\/\/api.w.org\/{rel}","templated":true}]}}