{"id":438,"date":"2025-12-31T15:48:51","date_gmt":"2025-12-31T14:48:51","guid":{"rendered":"https:\/\/boutique.garance-voyageuse.org\/?post_type=product&#038;p=438"},"modified":"2026-01-05T15:15:55","modified_gmt":"2026-01-05T14:15:55","slug":"n110-ete-2015","status":"publish","type":"product","link":"https:\/\/boutique.garance-voyageuse.org\/index.php\/produit\/n110-ete-2015\/","title":{"rendered":"n\u00b0110,  \u00e9t\u00e9 2015"},"content":{"rendered":"","protected":false},"excerpt":{"rendered":"<p>Dans ce num\u00e9ro 110, nous jouerons au jeu des familles.<br \/>\nDans la famille des Prot\u00e9ac\u00e9es, aux formes si diverses, nous d\u00e9couvrirons les genres Grevillea, Dryandra et Hakea, dans le fynbos sud africain et le sud ouest australien.<br \/>\nDans la famille des Apiac\u00e9es, nous \u00e9tudierons les ang\u00e9liques, sauvage, de Bernard, de Razouls des estuaires et archang\u00e9lique.<br \/>\nDans les familles des Urticae et des Apocynaceae, nous comprendrons pourquoi l\u2019ortie et la pervenche se d\u00e9clinent en grands arbres tropicaux dans les for\u00eats humides \u00e9quatoriales et en petites herbes \u00e0 l\u2019architecture simple en milieu temp\u00e9r\u00e9.<br \/>\nDans la famille des Rubiaceae, nous d\u00e9nicherons notre Garance Voyageuse entre le quinquina du P\u00e9rou ou le badi du Gabon et dans la famille des Ericac\u00e9es, nous chercherons le genre Ledum sous esp\u00e8ce palustre dans les tourbi\u00e8res de l\u2019Oise.<br \/>\nEt puis aussi, nous apprendrons pourquoi le millepertuis s\u2019appelle herbe de saint jean ou la digitale pourpre gant de Marie, les monocotyl\u00e9dones nous d\u00e9voileront la raison pour laquelle elles n\u2019ont qu\u2019un seul cotyl\u00e9don, et dans un \u00ab doux d\u00e9lire v\u00e9g\u00e9tal \u00bb, nous rejoindrons le bleuet parmi les simples \u00e9chapp\u00e9s des moissons, sans oublier br\u00e8ves et lectures habituelles.<\/p>\n","protected":false},"featured_media":468,"template":"","meta":[],"product_brand":[],"product_cat":[16],"product_tag":[],"class_list":{"0":"post-438","1":"product","2":"type-product","3":"status-publish","4":"has-post-thumbnail","6":"product_cat-tous-les-numeros","8":"first","9":"instock","10":"taxable","11":"shipping-taxable","12":"purchasable","13":"product-type-simple"},"jetpack_sharing_enabled":true,"_links":{"self":[{"href":"https:\/\/boutique.garance-voyageuse.org\/index.php\/wp-json\/wp\/v2\/product\/438","targetHints":{"allow":["GET"]}}],"collection":[{"href":"https:\/\/boutique.garance-voyageuse.org\/index.php\/wp-json\/wp\/v2\/product"}],"about":[{"href":"https:\/\/boutique.garance-voyageuse.org\/index.php\/wp-json\/wp\/v2\/types\/product"}],"wp:featuredmedia":[{"embeddable":true,"href":"https:\/\/boutique.garance-voyageuse.org\/index.php\/wp-json\/wp\/v2\/media\/468"}],"wp:attachment":[{"href":"https:\/\/boutique.garance-voyageuse.org\/index.php\/wp-json\/wp\/v2\/media?parent=438"}],"wp:term":[{"taxonomy":"product_brand","embeddable":true,"href":"https:\/\/boutique.garance-voyageuse.org\/index.php\/wp-json\/wp\/v2\/product_brand?post=438"},{"taxonomy":"product_cat","embeddable":true,"href":"https:\/\/boutique.garance-voyageuse.org\/index.php\/wp-json\/wp\/v2\/product_cat?post=438"},{"taxonomy":"product_tag","embeddable":true,"href":"https:\/\/boutique.garance-voyageuse.org\/index.php\/wp-json\/wp\/v2\/product_tag?post=438"}],"curies":[{"name":"wp","href":"https:\/\/api.w.org\/{rel}","templated":true}]}}