{"id":437,"date":"2025-12-31T15:48:51","date_gmt":"2025-12-31T14:48:51","guid":{"rendered":"https:\/\/boutique.garance-voyageuse.org\/?post_type=product&#038;p=437"},"modified":"2026-01-05T15:16:23","modified_gmt":"2026-01-05T14:16:23","slug":"n109-printemps-2015","status":"publish","type":"product","link":"https:\/\/boutique.garance-voyageuse.org\/index.php\/produit\/n109-printemps-2015\/","title":{"rendered":"n\u00b0109,  printemps 2015"},"content":{"rendered":"","protected":false},"excerpt":{"rendered":"<p>Nous survolons les r\u00e9cits botaniques du naturaliste Fabre et recherchons la tulipe sauvage perdue dans les vignes et friches du Pays de Loire.<br \/>\nDans le Nord de la France, les pelouses calaminaires, riches d\u2019esp\u00e8ces m\u00e9tallophytes, d\u00e9voilent leur paradoxe.<br \/>\nSur la c\u00f4te d\u2019Azur, nous visitons le jardin botanique du Val Rahmeh, o\u00f9 se c\u00f4toient hibiscus, strelitzias, lotus, n\u00e9nuphars, caroubier, pamplemousse ou c\u00e9drat.<br \/>\nDans les for\u00eats montagneuses et humides de Born\u00e9o, nous d\u00e9couvrons l\u2019interaction mutualiste et tr\u00e8s ancienne entre un micromammif\u00e8re arboricole et Nepenthes lowii.<br \/>\nAvec d\u00e9termination, nous plongeons au c\u0153ur des c\u00e9r\u00e9ales \u00e0 pailles et des lins \u00e0 fleurs bleues, jaunes, roses ou blanches.<br \/>\nSans oublier br\u00e8ves et lectures habituelles&#8230;<\/p>\n","protected":false},"featured_media":467,"template":"","meta":[],"product_brand":[],"product_cat":[16],"product_tag":[],"class_list":{"0":"post-437","1":"product","2":"type-product","3":"status-publish","4":"has-post-thumbnail","6":"product_cat-tous-les-numeros","8":"first","9":"instock","10":"taxable","11":"shipping-taxable","12":"purchasable","13":"product-type-simple"},"jetpack_sharing_enabled":true,"_links":{"self":[{"href":"https:\/\/boutique.garance-voyageuse.org\/index.php\/wp-json\/wp\/v2\/product\/437","targetHints":{"allow":["GET"]}}],"collection":[{"href":"https:\/\/boutique.garance-voyageuse.org\/index.php\/wp-json\/wp\/v2\/product"}],"about":[{"href":"https:\/\/boutique.garance-voyageuse.org\/index.php\/wp-json\/wp\/v2\/types\/product"}],"wp:featuredmedia":[{"embeddable":true,"href":"https:\/\/boutique.garance-voyageuse.org\/index.php\/wp-json\/wp\/v2\/media\/467"}],"wp:attachment":[{"href":"https:\/\/boutique.garance-voyageuse.org\/index.php\/wp-json\/wp\/v2\/media?parent=437"}],"wp:term":[{"taxonomy":"product_brand","embeddable":true,"href":"https:\/\/boutique.garance-voyageuse.org\/index.php\/wp-json\/wp\/v2\/product_brand?post=437"},{"taxonomy":"product_cat","embeddable":true,"href":"https:\/\/boutique.garance-voyageuse.org\/index.php\/wp-json\/wp\/v2\/product_cat?post=437"},{"taxonomy":"product_tag","embeddable":true,"href":"https:\/\/boutique.garance-voyageuse.org\/index.php\/wp-json\/wp\/v2\/product_tag?post=437"}],"curies":[{"name":"wp","href":"https:\/\/api.w.org\/{rel}","templated":true}]}}