{"id":435,"date":"2025-12-31T15:48:51","date_gmt":"2025-12-31T14:48:51","guid":{"rendered":"https:\/\/boutique.garance-voyageuse.org\/?post_type=product&#038;p=435"},"modified":"2026-01-05T15:16:58","modified_gmt":"2026-01-05T14:16:58","slug":"n107-automne-2014","status":"publish","type":"product","link":"https:\/\/boutique.garance-voyageuse.org\/index.php\/produit\/n107-automne-2014\/","title":{"rendered":"n\u00b0107,  automne 2014"},"content":{"rendered":"","protected":false},"excerpt":{"rendered":"<p>La sabline de Provence par Alex BAUMEL, Sami YOUSSEF et Marine POUGET, Le marronnier par Dominique COLL, La dune interne de Ghyvelde par Guillaume LEMOINE, Flore des remparts de Colmars-les-Alpes par Michel DESMAR\u00c8S, Les serres terres d&rsquo;asile pour belles \u00e9trang\u00e8res par Anne-H\u00e9l\u00e8ne GRISARD, Une petite histoire du chanvre au Maghreb par Jamal BELAKHDAR, De l&rsquo;\u00e9cologie urbaine par Jean-Yves BOUSSEREAU, \u00c9chos des sciences, Lectures, Conte par Sophie LEMONNIER, En bref,<\/p>\n","protected":false},"featured_media":465,"template":"","meta":[],"product_brand":[],"product_cat":[16],"product_tag":[],"class_list":{"0":"post-435","1":"product","2":"type-product","3":"status-publish","4":"has-post-thumbnail","6":"product_cat-tous-les-numeros","8":"first","9":"instock","10":"taxable","11":"shipping-taxable","12":"purchasable","13":"product-type-simple"},"jetpack_sharing_enabled":true,"_links":{"self":[{"href":"https:\/\/boutique.garance-voyageuse.org\/index.php\/wp-json\/wp\/v2\/product\/435","targetHints":{"allow":["GET"]}}],"collection":[{"href":"https:\/\/boutique.garance-voyageuse.org\/index.php\/wp-json\/wp\/v2\/product"}],"about":[{"href":"https:\/\/boutique.garance-voyageuse.org\/index.php\/wp-json\/wp\/v2\/types\/product"}],"wp:featuredmedia":[{"embeddable":true,"href":"https:\/\/boutique.garance-voyageuse.org\/index.php\/wp-json\/wp\/v2\/media\/465"}],"wp:attachment":[{"href":"https:\/\/boutique.garance-voyageuse.org\/index.php\/wp-json\/wp\/v2\/media?parent=435"}],"wp:term":[{"taxonomy":"product_brand","embeddable":true,"href":"https:\/\/boutique.garance-voyageuse.org\/index.php\/wp-json\/wp\/v2\/product_brand?post=435"},{"taxonomy":"product_cat","embeddable":true,"href":"https:\/\/boutique.garance-voyageuse.org\/index.php\/wp-json\/wp\/v2\/product_cat?post=435"},{"taxonomy":"product_tag","embeddable":true,"href":"https:\/\/boutique.garance-voyageuse.org\/index.php\/wp-json\/wp\/v2\/product_tag?post=435"}],"curies":[{"name":"wp","href":"https:\/\/api.w.org\/{rel}","templated":true}]}}