{"id":434,"date":"2025-12-31T15:48:51","date_gmt":"2025-12-31T14:48:51","guid":{"rendered":"https:\/\/boutique.garance-voyageuse.org\/?post_type=product&#038;p=434"},"modified":"2026-01-05T15:17:16","modified_gmt":"2026-01-05T14:17:16","slug":"n106-ete-2014","status":"publish","type":"product","link":"https:\/\/boutique.garance-voyageuse.org\/index.php\/produit\/n106-ete-2014\/","title":{"rendered":"n\u00b0106,  \u00e9t\u00e9 2014"},"content":{"rendered":"","protected":false},"excerpt":{"rendered":"<p>La Bass\u00e9e : une v\u00e9g\u00e9tation exceptionnelle sur un territoire convoit\u00e9 ; Pourquoi la classification des plantes \u00e0 fleurs a-t-elle chang\u00e9 ? Rosiers sauvages ; Polymorphisme des aiguillons dans le genre Rosa ; Mes herbiers de d\u00e9tails en toutes saisons, \u00e0 la chasse aux hybrides ; L&rsquo;herbier oubli\u00e9 ; Une petite histoire de la renou\u00e9e du Japon ; Des plantes et des Hommes ; Le wasabi ; \u00c9chos des sciences ; Lectures ; En bref.<\/p>\n","protected":false},"featured_media":464,"template":"","meta":[],"product_brand":[],"product_cat":[16],"product_tag":[],"class_list":{"0":"post-434","1":"product","2":"type-product","3":"status-publish","4":"has-post-thumbnail","6":"product_cat-tous-les-numeros","8":"first","9":"instock","10":"taxable","11":"shipping-taxable","12":"purchasable","13":"product-type-simple"},"jetpack_sharing_enabled":true,"_links":{"self":[{"href":"https:\/\/boutique.garance-voyageuse.org\/index.php\/wp-json\/wp\/v2\/product\/434","targetHints":{"allow":["GET"]}}],"collection":[{"href":"https:\/\/boutique.garance-voyageuse.org\/index.php\/wp-json\/wp\/v2\/product"}],"about":[{"href":"https:\/\/boutique.garance-voyageuse.org\/index.php\/wp-json\/wp\/v2\/types\/product"}],"wp:featuredmedia":[{"embeddable":true,"href":"https:\/\/boutique.garance-voyageuse.org\/index.php\/wp-json\/wp\/v2\/media\/464"}],"wp:attachment":[{"href":"https:\/\/boutique.garance-voyageuse.org\/index.php\/wp-json\/wp\/v2\/media?parent=434"}],"wp:term":[{"taxonomy":"product_brand","embeddable":true,"href":"https:\/\/boutique.garance-voyageuse.org\/index.php\/wp-json\/wp\/v2\/product_brand?post=434"},{"taxonomy":"product_cat","embeddable":true,"href":"https:\/\/boutique.garance-voyageuse.org\/index.php\/wp-json\/wp\/v2\/product_cat?post=434"},{"taxonomy":"product_tag","embeddable":true,"href":"https:\/\/boutique.garance-voyageuse.org\/index.php\/wp-json\/wp\/v2\/product_tag?post=434"}],"curies":[{"name":"wp","href":"https:\/\/api.w.org\/{rel}","templated":true}]}}