{"id":257,"date":"2025-12-31T12:33:12","date_gmt":"2025-12-31T11:33:12","guid":{"rendered":"https:\/\/boutique.garance-voyageuse.org\/?post_type=product&#038;p=257"},"modified":"2025-12-31T15:49:02","modified_gmt":"2025-12-31T14:49:02","slug":"n103-automne-2013","status":"publish","type":"product","link":"https:\/\/boutique.garance-voyageuse.org\/index.php\/produit\/n103-automne-2013\/","title":{"rendered":"n\u00b0103, automne 2013"},"content":{"rendered":"<hr class=\"system-pagebreak\" title=\"Sommaire\" \/>\n<p>&nbsp;<\/p>\n<ul>\n<li><strong>Tumbleweeds, \u00e7a roule encore pour eux<\/strong><br \/><em>Retour sur les tumbleweeds, d\u00e9j\u00e0 pr\u00e9sent\u00e9s dans notre num\u00e9ro sp\u00e9cial \u00ab\u00a0Plantes insolites\u00a0\u00bb.<\/em><br \/>P. SELLENET\n<\/li>\n<li><strong> Voyage en compagnie d&rsquo;un livret<br \/><\/strong><em>Ou comment j&rsquo;ai d\u00e9couvert les arbres de l&rsquo;Afrique de l&rsquo;Ouest.<\/em><br \/>H. GILLOT-LAMURE\n<\/li>\n<li><strong> La pyrale des cactus<br \/><\/strong><em>Agent de lutte biologique et danger pour les esp\u00e8ces patrimoniales.<\/em><br \/><em>M. PHILIPPE<\/em><\/li>\n<li>\n<p><strong>Le baume de Saint Antoine<br \/><\/strong>Quatorze esp\u00e8ces d&rsquo;herbes m\u00e9dicinalespour soigner <em>le mal des ardents.<br \/>H. SCHNECKENBURGER<br \/><\/em><\/p>\n<\/li>\n<li><strong> Quand la religion r\u00e9\u00e9crit l&rsquo;Histoire<br \/><\/strong>Des mythes xyliques \u00e9labor\u00e9s par le bouddhisme.<br \/>\u00c9. BIBA VILAYLECK\n<\/li>\n<li><strong> Rencontre avec le sabot-de-v\u00e9nus<br \/><\/strong><em>Cypripedium calceolus,<\/em> le nom laisse perplexe !<br \/>P. CANAL\n<\/li>\n<li><strong> Grandeur, d\u00e9cadence et retour d&rsquo;un g\u00e9ant am\u00e9ricain<br \/><\/strong>Le ch\u00e2taignier am\u00e9ricain \u00e9tait un pilier des for\u00eats des \u00c9tats-Unis, jusqu&rsquo;\u00e0 ce que&#8230;<strong><br \/>M. PHILIPPE<\/strong><\/li>\n<\/ul>\n<p>&nbsp;<\/p>\n<ul>\n<li><strong><em>Et les rubriques :<\/em><\/strong><br \/>\u25aa Echos des sciences : actualit\u00e9s du monde v\u00e9g\u00e9tal<br \/>\u25aa <strong>Conte<\/strong>, A-H GRISARD Une histoire de clous et de loques<br \/>\u25aa <strong>D\u00e9termination<\/strong>, F. DUMAS Les Saxifragac\u00e9es<br \/>\u25aa <strong>Le coin du botaniste de terrain<\/strong>, Ph. JESTIN Rencontres (botaniques) du 3e type<br \/>\u25aa Lectures<br \/>\u25aa Coin Jeunesse<br \/>\u25aa En bref : associations, actions, br\u00e8ves<\/li>\n<\/ul>\n<p>&nbsp;<\/p>\n<p>&nbsp;<\/p>\n<p>&nbsp;<\/p>\n<hr class=\"system-pagebreak\" title=\"Bibliographie\" \/>\n<p>&nbsp;<\/p>\n<p>&nbsp;<\/p>\n<p><a href=\"images\/garance\/pdf\/revue\/GV_103-Bibliographie.pdf\" target=\"_blank\" title=\"Bibliographies des articles\"><br \/> <img loading=\"lazy\" decoding=\"async\" src=\"\/garance\/images\/garance\/logos\/pdf.jpg\" alt=\"Bibliographie num\u00e9ro 103\" width=\"53\" height=\"53\" style=\"float: right;\" \/><\/a>Les bibliographies associ\u00e9es au n\u00b0 103 de la revue sont consultables en format PDF :<\/p>\n<p>&nbsp;<\/p>\n<p>&nbsp;<\/p>\n<p>&nbsp;<\/p>\n<p>&nbsp;<\/p>\n<p>&nbsp;<\/p>\n<hr class=\"system-pagebreak\" title=\"Lectures\" \/>\n<p>&nbsp;<strong style=\"font-weight: bolder;\"><strong><a href=\"images\/garance\/revue\/GV-103_lecture-p8.gif\" target=\"_blank\" title=\"Lectures page 8\"><br \/> <img decoding=\"async\" src=\"images\/garance\/revue\/GV-103_lecture-p8.gif\" alt=\"Lectures page 8\" width=\"80\" style=\"float: right;\" \/><\/a><\/strong><\/strong><\/p>\n<p><strong><em>\u00c0 la rencontre des orchid\u00e9es sauvages<\/em><\/strong><br \/>D. BONARDI et G. SCAPPATICCI&nbsp; <br \/><em><strong>Carex d&rsquo;Auvergne, morphologie, diagnose, \u00e9cologie, architecture<\/strong><\/em><br \/>R. PORTAL et M. TORT<em><strong><br \/>Des plantes et leurs insectes<\/strong><\/em><br \/>B. DIDIER et H. GUYOT<\/p>\n<p><em><strong><a href=\"images\/garance\/revue\/GV-103_lecture-p47.gif\" target=\"_blank\" title=\"Lectures page 47\"><img decoding=\"async\" src=\"images\/garance\/revue\/GV-103_lecture-p47.gif\" alt=\"Lectures page 47\" width=\"80\" style=\"float: right;\" \/><\/a>De St-Guilhem \u00e0 l&rsquo;Espinouse, voyage dans les for\u00eats de l&rsquo;H\u00e9rault<\/strong><\/em><br \/>J.-L. ROQUE et al.<br \/><em><strong>L&rsquo;H\u00e9rault et ses for\u00eats, une histoire d&rsquo;hommes<\/strong><\/em><br \/>J.-L. ROQUE<br \/><em><strong>Plantes \u00e0 boire<\/strong><\/em><br \/>S. SCHALL<br \/><em><strong>Des plantes et des hommes dans le Mercantour<\/strong><\/em><br \/><strong><em>Savoirs et usages<\/em> populaires autour des plantes dans le massif du Mercantour<\/strong><br \/>\u00c9. BLAIN et Ph. THOMASSIN<\/p>\n<p>&nbsp;<\/p>\n<p>&nbsp;<\/p>\n<hr class=\"system-pagebreak\" title=\"Coin Jeunesse\" alt=\"Coin Jeunesse\" \/>\n<p>&nbsp;<strong style=\"font-weight: bolder;\"><strong><a href=\"images\/garance\/revue\/lectures\/GV-103_jeunesse-p33.gif\" target=\"_blank\" title=\"Coin Jeunesse page 33\"><br \/> <img decoding=\"async\" src=\"images\/garance\/revue\/lectures\/GV-103_jeunesse-p33.gif\" alt=\"Coin Jeunesse page 33\" width=\"80\" style=\"float: right;\" \/><\/a><\/strong><\/strong><\/p>\n<p><em><\/em><em><strong>Contes de la Terre M\u00e8re<\/strong><\/em><br \/>R. CAUSSE et N. et J.-C. V\u00c9ZINET<br \/><em><strong>\u00c7a pousse comment ?<\/strong><\/em><br \/>G. MULLER<br \/><em><strong>Les deux vieux et l&rsquo;arbre de vie<\/strong><\/em><br \/>P. FISCHMANN et M. BOURRE<em><strong><br \/>Les plantes ont-elles un zizi ?<br \/>et autres quetions fondamentales<\/strong><\/em><br \/>J. FAILEVIC et al.<\/p>\n<p>&nbsp;<\/p>\n<p>&nbsp;<\/p>\n<div>&nbsp;<\/div>\n<div>&nbsp;<\/div>\n<div>&nbsp;<\/div>\n<div>&nbsp;<\/div>\n<div>&nbsp;<\/div>\n<div>&nbsp;<\/div>\n","protected":false},"excerpt":{"rendered":"<p>Tumbleweeds, Voyage en compagnie d&rsquo;un livret, La pyrale des cactus, Le baume de Saint Antoine, le couroupita, Rencontre avec le sabot-de-v\u00e9nus, Le ch\u00e2taignier am\u00e9ricain<\/p>\n","protected":false},"featured_media":461,"template":"","meta":[],"product_brand":[],"product_cat":[16],"product_tag":[],"class_list":{"0":"post-257","1":"product","2":"type-product","3":"status-publish","4":"has-post-thumbnail","6":"product_cat-tous-les-numeros","8":"first","9":"instock","10":"taxable","11":"shipping-taxable","12":"purchasable","13":"product-type-simple"},"jetpack_sharing_enabled":true,"_links":{"self":[{"href":"https:\/\/boutique.garance-voyageuse.org\/index.php\/wp-json\/wp\/v2\/product\/257","targetHints":{"allow":["GET"]}}],"collection":[{"href":"https:\/\/boutique.garance-voyageuse.org\/index.php\/wp-json\/wp\/v2\/product"}],"about":[{"href":"https:\/\/boutique.garance-voyageuse.org\/index.php\/wp-json\/wp\/v2\/types\/product"}],"wp:featuredmedia":[{"embeddable":true,"href":"https:\/\/boutique.garance-voyageuse.org\/index.php\/wp-json\/wp\/v2\/media\/461"}],"wp:attachment":[{"href":"https:\/\/boutique.garance-voyageuse.org\/index.php\/wp-json\/wp\/v2\/media?parent=257"}],"wp:term":[{"taxonomy":"product_brand","embeddable":true,"href":"https:\/\/boutique.garance-voyageuse.org\/index.php\/wp-json\/wp\/v2\/product_brand?post=257"},{"taxonomy":"product_cat","embeddable":true,"href":"https:\/\/boutique.garance-voyageuse.org\/index.php\/wp-json\/wp\/v2\/product_cat?post=257"},{"taxonomy":"product_tag","embeddable":true,"href":"https:\/\/boutique.garance-voyageuse.org\/index.php\/wp-json\/wp\/v2\/product_tag?post=257"}],"curies":[{"name":"wp","href":"https:\/\/api.w.org\/{rel}","templated":true}]}}