{"id":250,"date":"2025-12-31T12:33:11","date_gmt":"2025-12-31T11:33:11","guid":{"rendered":"https:\/\/boutique.garance-voyageuse.org\/?post_type=product&#038;p=250"},"modified":"2026-01-13T10:46:16","modified_gmt":"2026-01-13T09:46:16","slug":"bryophytes","status":"publish","type":"product","link":"https:\/\/boutique.garance-voyageuse.org\/index.php\/produit\/bryophytes\/","title":{"rendered":"Bryophytes"},"content":{"rendered":"","protected":false},"excerpt":{"rendered":"<p>\u00a0\u00bb\u00a0Mousses et H\u00e9patiques : petit m\u00e9mento d\u2019initiation \u00e0 la bryologie\u00a0\u00ab\u00a0.<\/p>\n<p style=\"text-align: left;\">Savez-vous qu&rsquo;il existe un monde v\u00e9g\u00e9tal m\u00e9connu \u00e0 port\u00e9e de votre main ?<\/p>\n<p style=\"text-align: left;\">Que vous soyez assis sur un vieux mur, appuy\u00e9 contre un tronc, ou couch\u00e9 dans un sous-bois, vous avez probablement tout pr\u00e8s de vous des mousses.<\/p>\n","protected":false},"featured_media":454,"template":"","meta":[],"product_brand":[],"product_cat":[18],"product_tag":[],"class_list":{"0":"post-250","1":"product","2":"type-product","3":"status-publish","4":"has-post-thumbnail","6":"product_cat-hors-series-livrets","8":"first","9":"instock","10":"taxable","11":"shipping-taxable","12":"purchasable","13":"product-type-simple"},"jetpack_sharing_enabled":true,"_links":{"self":[{"href":"https:\/\/boutique.garance-voyageuse.org\/index.php\/wp-json\/wp\/v2\/product\/250","targetHints":{"allow":["GET"]}}],"collection":[{"href":"https:\/\/boutique.garance-voyageuse.org\/index.php\/wp-json\/wp\/v2\/product"}],"about":[{"href":"https:\/\/boutique.garance-voyageuse.org\/index.php\/wp-json\/wp\/v2\/types\/product"}],"wp:featuredmedia":[{"embeddable":true,"href":"https:\/\/boutique.garance-voyageuse.org\/index.php\/wp-json\/wp\/v2\/media\/454"}],"wp:attachment":[{"href":"https:\/\/boutique.garance-voyageuse.org\/index.php\/wp-json\/wp\/v2\/media?parent=250"}],"wp:term":[{"taxonomy":"product_brand","embeddable":true,"href":"https:\/\/boutique.garance-voyageuse.org\/index.php\/wp-json\/wp\/v2\/product_brand?post=250"},{"taxonomy":"product_cat","embeddable":true,"href":"https:\/\/boutique.garance-voyageuse.org\/index.php\/wp-json\/wp\/v2\/product_cat?post=250"},{"taxonomy":"product_tag","embeddable":true,"href":"https:\/\/boutique.garance-voyageuse.org\/index.php\/wp-json\/wp\/v2\/product_tag?post=250"}],"curies":[{"name":"wp","href":"https:\/\/api.w.org\/{rel}","templated":true}]}}