{"id":249,"date":"2025-12-31T12:33:11","date_gmt":"2025-12-31T11:33:11","guid":{"rendered":"https:\/\/boutique.garance-voyageuse.org\/?post_type=product&#038;p=249"},"modified":"2026-02-03T23:22:27","modified_gmt":"2026-02-03T22:22:27","slug":"n94-ete-2011","status":"publish","type":"product","link":"https:\/\/boutique.garance-voyageuse.org\/index.php\/produit\/n94-ete-2011\/","title":{"rendered":"n\u00b094, \u00e9t\u00e9  2011"},"content":{"rendered":"","protected":false},"excerpt":{"rendered":"<p>L&rsquo;\u00e9cologie de la compensation ; Ph. Commerson et J. Barret ; Les quatre saisons de la flore alpine ;<br \/>\nCueillir les simples ; Buxbaumia ; La Garance au S\u00e9nat&#8230;<\/p>\n","protected":false},"featured_media":453,"template":"","meta":[],"product_brand":[],"product_cat":[16],"product_tag":[],"class_list":{"0":"post-249","1":"product","2":"type-product","3":"status-publish","4":"has-post-thumbnail","6":"product_cat-tous-les-numeros","8":"first","9":"instock","10":"taxable","11":"shipping-taxable","12":"purchasable","13":"product-type-simple"},"jetpack_sharing_enabled":true,"_links":{"self":[{"href":"https:\/\/boutique.garance-voyageuse.org\/index.php\/wp-json\/wp\/v2\/product\/249","targetHints":{"allow":["GET"]}}],"collection":[{"href":"https:\/\/boutique.garance-voyageuse.org\/index.php\/wp-json\/wp\/v2\/product"}],"about":[{"href":"https:\/\/boutique.garance-voyageuse.org\/index.php\/wp-json\/wp\/v2\/types\/product"}],"wp:featuredmedia":[{"embeddable":true,"href":"https:\/\/boutique.garance-voyageuse.org\/index.php\/wp-json\/wp\/v2\/media\/453"}],"wp:attachment":[{"href":"https:\/\/boutique.garance-voyageuse.org\/index.php\/wp-json\/wp\/v2\/media?parent=249"}],"wp:term":[{"taxonomy":"product_brand","embeddable":true,"href":"https:\/\/boutique.garance-voyageuse.org\/index.php\/wp-json\/wp\/v2\/product_brand?post=249"},{"taxonomy":"product_cat","embeddable":true,"href":"https:\/\/boutique.garance-voyageuse.org\/index.php\/wp-json\/wp\/v2\/product_cat?post=249"},{"taxonomy":"product_tag","embeddable":true,"href":"https:\/\/boutique.garance-voyageuse.org\/index.php\/wp-json\/wp\/v2\/product_tag?post=249"}],"curies":[{"name":"wp","href":"https:\/\/api.w.org\/{rel}","templated":true}]}}