{"id":244,"date":"2025-12-31T12:33:11","date_gmt":"2025-12-31T11:33:11","guid":{"rendered":"https:\/\/boutique.garance-voyageuse.org\/?post_type=product&#038;p=244"},"modified":"2026-01-05T15:42:48","modified_gmt":"2026-01-05T14:42:48","slug":"n89-printemps-2010","status":"publish","type":"product","link":"https:\/\/boutique.garance-voyageuse.org\/index.php\/produit\/n89-printemps-2010\/","title":{"rendered":"n\u00b089, Printemps 2010"},"content":{"rendered":"","protected":false},"excerpt":{"rendered":"<p>L&rsquo;arbre du p\u00e9ch\u00e9 originel ; Les messicoles ; Station ou localit\u00e9 ; Plantes m\u00e9dicinales d&rsquo;\u00c9quateur ; Le coca et la cola ; Le stimulant ginseng&#8230;<\/p>\n","protected":false},"featured_media":448,"template":"","meta":[],"product_brand":[],"product_cat":[16],"product_tag":[],"class_list":{"0":"post-244","1":"product","2":"type-product","3":"status-publish","4":"has-post-thumbnail","6":"product_cat-tous-les-numeros","8":"first","9":"instock","10":"taxable","11":"shipping-taxable","12":"purchasable","13":"product-type-simple"},"jetpack_sharing_enabled":true,"_links":{"self":[{"href":"https:\/\/boutique.garance-voyageuse.org\/index.php\/wp-json\/wp\/v2\/product\/244","targetHints":{"allow":["GET"]}}],"collection":[{"href":"https:\/\/boutique.garance-voyageuse.org\/index.php\/wp-json\/wp\/v2\/product"}],"about":[{"href":"https:\/\/boutique.garance-voyageuse.org\/index.php\/wp-json\/wp\/v2\/types\/product"}],"wp:featuredmedia":[{"embeddable":true,"href":"https:\/\/boutique.garance-voyageuse.org\/index.php\/wp-json\/wp\/v2\/media\/448"}],"wp:attachment":[{"href":"https:\/\/boutique.garance-voyageuse.org\/index.php\/wp-json\/wp\/v2\/media?parent=244"}],"wp:term":[{"taxonomy":"product_brand","embeddable":true,"href":"https:\/\/boutique.garance-voyageuse.org\/index.php\/wp-json\/wp\/v2\/product_brand?post=244"},{"taxonomy":"product_cat","embeddable":true,"href":"https:\/\/boutique.garance-voyageuse.org\/index.php\/wp-json\/wp\/v2\/product_cat?post=244"},{"taxonomy":"product_tag","embeddable":true,"href":"https:\/\/boutique.garance-voyageuse.org\/index.php\/wp-json\/wp\/v2\/product_tag?post=244"}],"curies":[{"name":"wp","href":"https:\/\/api.w.org\/{rel}","templated":true}]}}