{"id":230,"date":"2025-12-31T12:33:10","date_gmt":"2025-12-31T11:33:10","guid":{"rendered":"https:\/\/boutique.garance-voyageuse.org\/?post_type=product&#038;p=230"},"modified":"2026-01-05T15:49:33","modified_gmt":"2026-01-05T14:49:33","slug":"n73-printemps-2006","status":"publish","type":"product","link":"https:\/\/boutique.garance-voyageuse.org\/index.php\/produit\/n73-printemps-2006\/","title":{"rendered":"n\u00b073, Printemps 2006"},"content":{"rendered":"","protected":false},"excerpt":{"rendered":"<p>Artemisia annua ; L\u2019\u00e9rosion g\u00e9n\u00e9tique<br \/>\nRecherche Bay ; Les g\u00e9raniums ; Les mousses&#8230;<\/p>\n","protected":false},"featured_media":262,"template":"","meta":[],"product_brand":[],"product_cat":[16],"product_tag":[],"class_list":{"0":"post-230","1":"product","2":"type-product","3":"status-publish","4":"has-post-thumbnail","6":"product_cat-tous-les-numeros","8":"first","9":"instock","10":"taxable","11":"shipping-taxable","12":"purchasable","13":"product-type-simple"},"jetpack_sharing_enabled":true,"_links":{"self":[{"href":"https:\/\/boutique.garance-voyageuse.org\/index.php\/wp-json\/wp\/v2\/product\/230","targetHints":{"allow":["GET"]}}],"collection":[{"href":"https:\/\/boutique.garance-voyageuse.org\/index.php\/wp-json\/wp\/v2\/product"}],"about":[{"href":"https:\/\/boutique.garance-voyageuse.org\/index.php\/wp-json\/wp\/v2\/types\/product"}],"wp:featuredmedia":[{"embeddable":true,"href":"https:\/\/boutique.garance-voyageuse.org\/index.php\/wp-json\/wp\/v2\/media\/262"}],"wp:attachment":[{"href":"https:\/\/boutique.garance-voyageuse.org\/index.php\/wp-json\/wp\/v2\/media?parent=230"}],"wp:term":[{"taxonomy":"product_brand","embeddable":true,"href":"https:\/\/boutique.garance-voyageuse.org\/index.php\/wp-json\/wp\/v2\/product_brand?post=230"},{"taxonomy":"product_cat","embeddable":true,"href":"https:\/\/boutique.garance-voyageuse.org\/index.php\/wp-json\/wp\/v2\/product_cat?post=230"},{"taxonomy":"product_tag","embeddable":true,"href":"https:\/\/boutique.garance-voyageuse.org\/index.php\/wp-json\/wp\/v2\/product_tag?post=230"}],"curies":[{"name":"wp","href":"https:\/\/api.w.org\/{rel}","templated":true}]}}