{"id":121,"date":"2025-12-31T15:49:34","date_gmt":"2025-12-31T14:49:34","guid":{"rendered":"https:\/\/boutique.garance-voyageuse.org\/?post_type=product&#038;p=121"},"modified":"2026-01-05T16:37:25","modified_gmt":"2026-01-05T15:37:25","slug":"n148-hiver-2024","status":"publish","type":"product","link":"https:\/\/boutique.garance-voyageuse.org\/index.php\/produit\/n148-hiver-2024\/","title":{"rendered":"n\u00b0148, Hiver 2024"},"content":{"rendered":"","protected":false},"excerpt":{"rendered":"<p>Chaussez vos bottes ! Cet hiver, La Garance voyageuse vous fait patauger parmi les plantes qui poussent les pieds dans l\u2019eau ! Tourbi\u00e8res ou ruisseaux, mares ou simples foss\u00e9s, \u00e9tangs ou lagunes, eaux douces ou sal\u00e9es\u2026 les cueillettes y seront multiples, riches, surprenantes, parfois m\u00eame savoureuses. Dans les marais, on s\u2019\u00e9merveillera des parnassies et des \u00e9pipactis. Dans l\u2019estran on r\u00e9coltera salicornes et asters maritimes. Dans les ruisseaux, le cresson nous fera salade et la ciboulette (oui, oui !) l\u2019assaisonnera. En plong\u00e9e dans les lacs, nous caresserons charac\u00e9es ou potamots. Et sans craindre les miasmes, nous trouverons rem\u00e8des v\u00e9g\u00e9taux \u00e0 bien des maux ! Pour finir, nous vous inviterons dans les jardins de Pharaon, o\u00f9 le lotus bleu n\u2019est pas celui qu\u2019on croit\u2026<\/p>\n","protected":false},"featured_media":123,"template":"","meta":[],"product_brand":[],"product_cat":[16],"product_tag":[],"class_list":{"0":"post-121","1":"product","2":"type-product","3":"status-publish","4":"has-post-thumbnail","6":"product_cat-tous-les-numeros","8":"first","9":"instock","10":"taxable","11":"shipping-taxable","12":"purchasable","13":"product-type-simple"},"jetpack_sharing_enabled":true,"_links":{"self":[{"href":"https:\/\/boutique.garance-voyageuse.org\/index.php\/wp-json\/wp\/v2\/product\/121","targetHints":{"allow":["GET"]}}],"collection":[{"href":"https:\/\/boutique.garance-voyageuse.org\/index.php\/wp-json\/wp\/v2\/product"}],"about":[{"href":"https:\/\/boutique.garance-voyageuse.org\/index.php\/wp-json\/wp\/v2\/types\/product"}],"wp:featuredmedia":[{"embeddable":true,"href":"https:\/\/boutique.garance-voyageuse.org\/index.php\/wp-json\/wp\/v2\/media\/123"}],"wp:attachment":[{"href":"https:\/\/boutique.garance-voyageuse.org\/index.php\/wp-json\/wp\/v2\/media?parent=121"}],"wp:term":[{"taxonomy":"product_brand","embeddable":true,"href":"https:\/\/boutique.garance-voyageuse.org\/index.php\/wp-json\/wp\/v2\/product_brand?post=121"},{"taxonomy":"product_cat","embeddable":true,"href":"https:\/\/boutique.garance-voyageuse.org\/index.php\/wp-json\/wp\/v2\/product_cat?post=121"},{"taxonomy":"product_tag","embeddable":true,"href":"https:\/\/boutique.garance-voyageuse.org\/index.php\/wp-json\/wp\/v2\/product_tag?post=121"}],"curies":[{"name":"wp","href":"https:\/\/api.w.org\/{rel}","templated":true}]}}